{"id":24084,"date":"2023-05-26T12:51:46","date_gmt":"2023-05-26T11:51:46","guid":{"rendered":"https:\/\/belrobotics.andromede.digital\/?page_id=24084"},"modified":"2023-06-26T11:29:23","modified_gmt":"2023-06-26T10:29:23","slug":"wisenav-traadloes-gps-rtk-robotplaeneklipper-helt-uden-ledning","status":"publish","type":"page","link":"https:\/\/www.belrobotics.com\/da\/wisenav-traadloes-gps-rtk-robotplaeneklipper-helt-uden-ledning\/","title":{"rendered":"WiseNav: tr\u00e5dl\u00f8s GPS-RTK robotpl\u00e6neklipper helt uden ledning"},"content":{"rendered":"<h3 class=\"p1\">Klipning i stribem\u00f8nster i fuld GPS-tilstand<\/h3>\n<p><span style=\"font-weight: 400;\">Den indbyggede GPS-RTK-teknologi g\u00f8r det allerede nu muligt at klippe stribem\u00f8nstre.<br clear='none'\/>\nMed opgraderingen til WiseNav kan du tage din robotklipper til n\u00e6ste pr\u00e6cisionsniveau og navigere uden perimeterledning. Tre gange mere klippekapacitet og en drastisk reduktion af din arbejdsbyrde. F\u00e5s ogs\u00e5 til golfboldopsamlere.<br clear='none'\/>\n<\/span><\/p>\n<h3>Den opgradering, du har ventet p\u00e5<\/h3>\n<p><span style=\"font-weight: 400;\">Er du greenkeeper, fodboldbanemanager, sportsfacilitetsmanager, plejer du gr\u00f8nne omr\u00e5der &#8230; som professionel gr\u00e6spl\u00e6nechef er dit m\u00e5l at optimere forvaltningen og plejen af dine pl\u00e6ner. Pr\u00f8v den seneste gratis opgradering til dine Belrobotics GPS-RTK robotpl\u00e6neklippere: centimeterpr\u00e6cis klipning i striber, helt uden perimeterledning.<br clear='none'\/>\n<\/span><\/p>\n","protected":false},"excerpt":{"rendered":"<p>Klipning i stribem\u00f8nster i fuld GPS-tilstand Den indbyggede GPS-RTK-teknologi g\u00f8r det allerede nu muligt at klippe stribem\u00f8nstre. Med opgraderingen til WiseNav kan du tage din robotklipper til n\u00e6ste pr\u00e6cisionsniveau og navigere uden perimeterledning. Tre gange mere klippekapacitet og en drastisk reduktion af din arbejdsbyrde. F\u00e5s ogs\u00e5 til golfboldopsamlere. Den opgradering, du har ventet p\u00e5 Er [&hellip;]<\/p>\n","protected":false},"author":9,"featured_media":23950,"parent":0,"menu_order":0,"comment_status":"closed","ping_status":"closed","template":"wisenav.php","meta":{"_acf_changed":false,"footnotes":""},"class_list":["post-24084","page","type-page","status-publish","has-post-thumbnail","hentry"],"acf":[],"yoast_head":"<!-- This site is optimized with the Yoast SEO plugin v26.9 - https:\/\/yoast.com\/product\/yoast-seo-wordpress\/ -->\n<title>WiseNav: tr\u00e5dl\u00f8s teknologi - Belrobotics<\/title>\n<meta name=\"description\" content=\"Den tr\u00e5dl\u00f8se WiseNav-teknologi i Belrobotics GPS-RTK robotpl\u00e6neklippere revolutionerer klipning i stribem\u00f8nster\" \/>\n<meta name=\"robots\" content=\"index, follow, max-snippet:-1, max-image-preview:large, max-video-preview:-1\" \/>\n<link rel=\"canonical\" href=\"https:\/\/www.belrobotics.com\/da\/wisenav-traadloes-gps-rtk-robotplaeneklipper-helt-uden-ledning\/\" \/>\n<meta property=\"og:locale\" content=\"da_DK\" \/>\n<meta property=\"og:type\" content=\"article\" \/>\n<meta property=\"og:title\" content=\"WiseNav: tr\u00e5dl\u00f8s teknologi - Belrobotics\" \/>\n<meta property=\"og:description\" content=\"Den tr\u00e5dl\u00f8se WiseNav-teknologi i Belrobotics GPS-RTK robotpl\u00e6neklippere revolutionerer klipning i stribem\u00f8nster\" \/>\n<meta property=\"og:url\" content=\"https:\/\/www.belrobotics.com\/da\/wisenav-traadloes-gps-rtk-robotplaeneklipper-helt-uden-ledning\/\" \/>\n<meta property=\"og:site_name\" content=\"Belrobotics\" \/>\n<meta property=\"article:publisher\" content=\"https:\/\/www.facebook.com\/belrobotics\" \/>\n<meta property=\"article:modified_time\" content=\"2023-06-26T10:29:23+00:00\" \/>\n<meta property=\"og:image\" content=\"https:\/\/www.belrobotics.com\/wp-content\/uploads\/2023\/05\/wisenav_header_bg_only.webp\" \/>\n\t<meta property=\"og:image:width\" content=\"1000\" \/>\n\t<meta property=\"og:image:height\" content=\"683\" \/>\n\t<meta property=\"og:image:type\" content=\"image\/webp\" \/>\n<meta name=\"twitter:card\" content=\"summary_large_image\" \/>\n<meta name=\"twitter:label1\" content=\"Estimeret l\u00e6setid\" \/>\n\t<meta name=\"twitter:data1\" content=\"1 minut\" \/>\n<script type=\"application\/ld+json\" class=\"yoast-schema-graph\">{\"@context\":\"https:\/\/schema.org\",\"@graph\":[{\"@type\":\"WebPage\",\"@id\":\"https:\/\/www.belrobotics.com\/da\/wisenav-traadloes-gps-rtk-robotplaeneklipper-helt-uden-ledning\/\",\"url\":\"https:\/\/www.belrobotics.com\/da\/wisenav-traadloes-gps-rtk-robotplaeneklipper-helt-uden-ledning\/\",\"name\":\"WiseNav: tr\u00e5dl\u00f8s teknologi - Belrobotics\",\"isPartOf\":{\"@id\":\"https:\/\/www.belrobotics.com\/da\/#website\"},\"primaryImageOfPage\":{\"@id\":\"https:\/\/www.belrobotics.com\/da\/wisenav-traadloes-gps-rtk-robotplaeneklipper-helt-uden-ledning\/#primaryimage\"},\"image\":{\"@id\":\"https:\/\/www.belrobotics.com\/da\/wisenav-traadloes-gps-rtk-robotplaeneklipper-helt-uden-ledning\/#primaryimage\"},\"thumbnailUrl\":\"https:\/\/www.belrobotics.com\/wp-content\/uploads\/2023\/05\/wisenav_header_bg_only.webp\",\"datePublished\":\"2023-05-26T11:51:46+00:00\",\"dateModified\":\"2023-06-26T10:29:23+00:00\",\"description\":\"Den tr\u00e5dl\u00f8se WiseNav-teknologi i Belrobotics GPS-RTK robotpl\u00e6neklippere revolutionerer klipning i stribem\u00f8nster\",\"breadcrumb\":{\"@id\":\"https:\/\/www.belrobotics.com\/da\/wisenav-traadloes-gps-rtk-robotplaeneklipper-helt-uden-ledning\/#breadcrumb\"},\"inLanguage\":\"da-DK\",\"potentialAction\":[{\"@type\":\"ReadAction\",\"target\":[\"https:\/\/www.belrobotics.com\/da\/wisenav-traadloes-gps-rtk-robotplaeneklipper-helt-uden-ledning\/\"]}]},{\"@type\":\"ImageObject\",\"inLanguage\":\"da-DK\",\"@id\":\"https:\/\/www.belrobotics.com\/da\/wisenav-traadloes-gps-rtk-robotplaeneklipper-helt-uden-ledning\/#primaryimage\",\"url\":\"https:\/\/www.belrobotics.com\/wp-content\/uploads\/2023\/05\/wisenav_header_bg_only.webp\",\"contentUrl\":\"https:\/\/www.belrobotics.com\/wp-content\/uploads\/2023\/05\/wisenav_header_bg_only.webp\",\"width\":1000,\"height\":683},{\"@type\":\"BreadcrumbList\",\"@id\":\"https:\/\/www.belrobotics.com\/da\/wisenav-traadloes-gps-rtk-robotplaeneklipper-helt-uden-ledning\/#breadcrumb\",\"itemListElement\":[{\"@type\":\"ListItem\",\"position\":1,\"name\":\"Home\",\"item\":\"https:\/\/www.belrobotics.com\/da\/\"},{\"@type\":\"ListItem\",\"position\":2,\"name\":\"WiseNav: tr\u00e5dl\u00f8s GPS-RTK robotpl\u00e6neklipper helt uden ledning\"}]},{\"@type\":\"WebSite\",\"@id\":\"https:\/\/www.belrobotics.com\/da\/#website\",\"url\":\"https:\/\/www.belrobotics.com\/da\/\",\"name\":\"Belrobotics\",\"description\":\"The grass masters\",\"publisher\":{\"@id\":\"https:\/\/www.belrobotics.com\/da\/#organization\"},\"potentialAction\":[{\"@type\":\"SearchAction\",\"target\":{\"@type\":\"EntryPoint\",\"urlTemplate\":\"https:\/\/www.belrobotics.com\/da\/?s={search_term_string}\"},\"query-input\":{\"@type\":\"PropertyValueSpecification\",\"valueRequired\":true,\"valueName\":\"search_term_string\"}}],\"inLanguage\":\"da-DK\"},{\"@type\":\"Organization\",\"@id\":\"https:\/\/www.belrobotics.com\/da\/#organization\",\"name\":\"Belrobotics\",\"url\":\"https:\/\/www.belrobotics.com\/da\/\",\"logo\":{\"@type\":\"ImageObject\",\"inLanguage\":\"da-DK\",\"@id\":\"https:\/\/www.belrobotics.com\/da\/#\/schema\/logo\/image\/\",\"url\":\"https:\/\/www.belrobotics.com\/wp-content\/uploads\/2019\/01\/logo-belrobotics.svg\",\"contentUrl\":\"https:\/\/www.belrobotics.com\/wp-content\/uploads\/2019\/01\/logo-belrobotics.svg\",\"width\":100,\"height\":16,\"caption\":\"Belrobotics\"},\"image\":{\"@id\":\"https:\/\/www.belrobotics.com\/da\/#\/schema\/logo\/image\/\"},\"sameAs\":[\"https:\/\/www.facebook.com\/belrobotics\",\"https:\/\/www.youtube.com\/channel\/UCYgWBPRzEdXmUqLRL0JbUIw\",\"https:\/\/www.instagram.com\/belrobotics_europe\/\"]}]}<\/script>\n<!-- \/ Yoast SEO plugin. -->","yoast_head_json":{"title":"WiseNav: tr\u00e5dl\u00f8s teknologi - Belrobotics","description":"Den tr\u00e5dl\u00f8se WiseNav-teknologi i Belrobotics GPS-RTK robotpl\u00e6neklippere revolutionerer klipning i stribem\u00f8nster","robots":{"index":"index","follow":"follow","max-snippet":"max-snippet:-1","max-image-preview":"max-image-preview:large","max-video-preview":"max-video-preview:-1"},"canonical":"https:\/\/www.belrobotics.com\/da\/wisenav-traadloes-gps-rtk-robotplaeneklipper-helt-uden-ledning\/","og_locale":"da_DK","og_type":"article","og_title":"WiseNav: tr\u00e5dl\u00f8s teknologi - Belrobotics","og_description":"Den tr\u00e5dl\u00f8se WiseNav-teknologi i Belrobotics GPS-RTK robotpl\u00e6neklippere revolutionerer klipning i stribem\u00f8nster","og_url":"https:\/\/www.belrobotics.com\/da\/wisenav-traadloes-gps-rtk-robotplaeneklipper-helt-uden-ledning\/","og_site_name":"Belrobotics","article_publisher":"https:\/\/www.facebook.com\/belrobotics","article_modified_time":"2023-06-26T10:29:23+00:00","og_image":[{"width":1000,"height":683,"url":"https:\/\/www.belrobotics.com\/wp-content\/uploads\/2023\/05\/wisenav_header_bg_only.webp","type":"image\/webp"}],"twitter_card":"summary_large_image","twitter_misc":{"Estimeret l\u00e6setid":"1 minut"},"schema":{"@context":"https:\/\/schema.org","@graph":[{"@type":"WebPage","@id":"https:\/\/www.belrobotics.com\/da\/wisenav-traadloes-gps-rtk-robotplaeneklipper-helt-uden-ledning\/","url":"https:\/\/www.belrobotics.com\/da\/wisenav-traadloes-gps-rtk-robotplaeneklipper-helt-uden-ledning\/","name":"WiseNav: tr\u00e5dl\u00f8s teknologi - Belrobotics","isPartOf":{"@id":"https:\/\/www.belrobotics.com\/da\/#website"},"primaryImageOfPage":{"@id":"https:\/\/www.belrobotics.com\/da\/wisenav-traadloes-gps-rtk-robotplaeneklipper-helt-uden-ledning\/#primaryimage"},"image":{"@id":"https:\/\/www.belrobotics.com\/da\/wisenav-traadloes-gps-rtk-robotplaeneklipper-helt-uden-ledning\/#primaryimage"},"thumbnailUrl":"https:\/\/www.belrobotics.com\/wp-content\/uploads\/2023\/05\/wisenav_header_bg_only.webp","datePublished":"2023-05-26T11:51:46+00:00","dateModified":"2023-06-26T10:29:23+00:00","description":"Den tr\u00e5dl\u00f8se WiseNav-teknologi i Belrobotics GPS-RTK robotpl\u00e6neklippere revolutionerer klipning i stribem\u00f8nster","breadcrumb":{"@id":"https:\/\/www.belrobotics.com\/da\/wisenav-traadloes-gps-rtk-robotplaeneklipper-helt-uden-ledning\/#breadcrumb"},"inLanguage":"da-DK","potentialAction":[{"@type":"ReadAction","target":["https:\/\/www.belrobotics.com\/da\/wisenav-traadloes-gps-rtk-robotplaeneklipper-helt-uden-ledning\/"]}]},{"@type":"ImageObject","inLanguage":"da-DK","@id":"https:\/\/www.belrobotics.com\/da\/wisenav-traadloes-gps-rtk-robotplaeneklipper-helt-uden-ledning\/#primaryimage","url":"https:\/\/www.belrobotics.com\/wp-content\/uploads\/2023\/05\/wisenav_header_bg_only.webp","contentUrl":"https:\/\/www.belrobotics.com\/wp-content\/uploads\/2023\/05\/wisenav_header_bg_only.webp","width":1000,"height":683},{"@type":"BreadcrumbList","@id":"https:\/\/www.belrobotics.com\/da\/wisenav-traadloes-gps-rtk-robotplaeneklipper-helt-uden-ledning\/#breadcrumb","itemListElement":[{"@type":"ListItem","position":1,"name":"Home","item":"https:\/\/www.belrobotics.com\/da\/"},{"@type":"ListItem","position":2,"name":"WiseNav: tr\u00e5dl\u00f8s GPS-RTK robotpl\u00e6neklipper helt uden ledning"}]},{"@type":"WebSite","@id":"https:\/\/www.belrobotics.com\/da\/#website","url":"https:\/\/www.belrobotics.com\/da\/","name":"Belrobotics","description":"The grass masters","publisher":{"@id":"https:\/\/www.belrobotics.com\/da\/#organization"},"potentialAction":[{"@type":"SearchAction","target":{"@type":"EntryPoint","urlTemplate":"https:\/\/www.belrobotics.com\/da\/?s={search_term_string}"},"query-input":{"@type":"PropertyValueSpecification","valueRequired":true,"valueName":"search_term_string"}}],"inLanguage":"da-DK"},{"@type":"Organization","@id":"https:\/\/www.belrobotics.com\/da\/#organization","name":"Belrobotics","url":"https:\/\/www.belrobotics.com\/da\/","logo":{"@type":"ImageObject","inLanguage":"da-DK","@id":"https:\/\/www.belrobotics.com\/da\/#\/schema\/logo\/image\/","url":"https:\/\/www.belrobotics.com\/wp-content\/uploads\/2019\/01\/logo-belrobotics.svg","contentUrl":"https:\/\/www.belrobotics.com\/wp-content\/uploads\/2019\/01\/logo-belrobotics.svg","width":100,"height":16,"caption":"Belrobotics"},"image":{"@id":"https:\/\/www.belrobotics.com\/da\/#\/schema\/logo\/image\/"},"sameAs":["https:\/\/www.facebook.com\/belrobotics","https:\/\/www.youtube.com\/channel\/UCYgWBPRzEdXmUqLRL0JbUIw","https:\/\/www.instagram.com\/belrobotics_europe\/"]}]}},"_links":{"self":[{"href":"https:\/\/www.belrobotics.com\/da\/wp-json\/wp\/v2\/pages\/24084","targetHints":{"allow":["GET"]}}],"collection":[{"href":"https:\/\/www.belrobotics.com\/da\/wp-json\/wp\/v2\/pages"}],"about":[{"href":"https:\/\/www.belrobotics.com\/da\/wp-json\/wp\/v2\/types\/page"}],"author":[{"embeddable":true,"href":"https:\/\/www.belrobotics.com\/da\/wp-json\/wp\/v2\/users\/9"}],"replies":[{"embeddable":true,"href":"https:\/\/www.belrobotics.com\/da\/wp-json\/wp\/v2\/comments?post=24084"}],"version-history":[{"count":4,"href":"https:\/\/www.belrobotics.com\/da\/wp-json\/wp\/v2\/pages\/24084\/revisions"}],"predecessor-version":[{"id":24489,"href":"https:\/\/www.belrobotics.com\/da\/wp-json\/wp\/v2\/pages\/24084\/revisions\/24489"}],"wp:featuredmedia":[{"embeddable":true,"href":"https:\/\/www.belrobotics.com\/da\/wp-json\/wp\/v2\/media\/23950"}],"wp:attachment":[{"href":"https:\/\/www.belrobotics.com\/da\/wp-json\/wp\/v2\/media?parent=24084"}],"curies":[{"name":"wp","href":"https:\/\/api.w.org\/{rel}","templated":true}]}}