{"id":10865,"date":"2020-06-08T10:34:26","date_gmt":"2020-06-08T09:34:26","guid":{"rendered":"https:\/\/belrobotics.andromede.digital\/belrobotics-app-og-portal\/"},"modified":"2026-02-03T10:09:01","modified_gmt":"2026-02-03T09:09:01","slug":"app","status":"publish","type":"page","link":"https:\/\/www.belrobotics.com\/da\/app\/","title":{"rendered":"Belrobotics-app og -portal"},"content":{"rendered":"<h2>En unik oplevelse for forhandlere og brugere<\/h2>\n<p><strong>Belrobotics-portalen og -appen fungerer parallelt.<\/strong>Dette g\u00f8r brugeroplevelsen endnu st\u00f8rre. Takket v\u00e6re disse giver dit personlige login adgang til nye funktioner, der er unikke p\u00e5 markedet: \u00e6ndre indstillingerne og h\u00e5ndtere meddelelser eksternt, geolokalisere og filtrere i henhold til dine kriterier, og f\u00e5 teknisk support fra din forhandler eksternt og i realtid &#8230;<\/p>\n<p><a href=\"https:\/\/itunes.apple.com\/us\/app\/belrobotics\/id1357624222?mt=8\" target=\"_blank\" rel=\"noopener noreferrer\"><img loading=\"lazy\" decoding=\"async\" class=\"alignnone wp-image-3554\" src=\"https:\/\/www.belrobotics.com\/wp-content\/uploads\/2019\/01\/300px-Download_on_the_App_Store_Badge-300x89.png\" alt=\"\" width=\"150\" height=\"45\" \/><\/a>\u00a0\u00a0<a href=\"https:\/\/play.google.com\/store\/apps\/details?id=com.belrobotics.mobileapp&amp;hl=en\" target=\"_blank\" rel=\"noopener noreferrer\"><img loading=\"lazy\" decoding=\"async\" class=\"alignnone wp-image-3567\" src=\"https:\/\/www.belrobotics.com\/wp-content\/uploads\/2019\/01\/300px-Get_it_on_Google_play-300x88.png\" alt=\"\" width=\"150\" height=\"44\" \/><\/a><\/p>\n","protected":false},"excerpt":{"rendered":"<p>En unik oplevelse for forhandlere og brugere Belrobotics-portalen og -appen fungerer parallelt.Dette g\u00f8r brugeroplevelsen endnu st\u00f8rre. Takket v\u00e6re disse giver dit personlige login adgang til nye funktioner, der er unikke p\u00e5 markedet: \u00e6ndre indstillingerne og h\u00e5ndtere meddelelser eksternt, geolokalisere og filtrere i henhold til dine kriterier, og f\u00e5 teknisk support fra din forhandler eksternt og [&hellip;]<\/p>\n","protected":false},"author":9,"featured_media":10181,"parent":0,"menu_order":0,"comment_status":"closed","ping_status":"closed","template":"template-app.php","meta":{"_acf_changed":false,"footnotes":""},"class_list":["post-10865","page","type-page","status-publish","has-post-thumbnail","hentry"],"acf":[],"yoast_head":"<!-- This site is optimized with the Yoast SEO plugin v26.9 - https:\/\/yoast.com\/product\/yoast-seo-wordpress\/ -->\n<title>Belrobotics-app og -portal - Belrobotics<\/title>\n<meta name=\"robots\" content=\"index, follow, max-snippet:-1, max-image-preview:large, max-video-preview:-1\" \/>\n<link rel=\"canonical\" href=\"https:\/\/www.belrobotics.com\/da\/app\/\" \/>\n<meta property=\"og:locale\" content=\"da_DK\" \/>\n<meta property=\"og:type\" content=\"article\" \/>\n<meta property=\"og:title\" content=\"Belrobotics-app og -portal - Belrobotics\" \/>\n<meta property=\"og:description\" content=\"En unik oplevelse for forhandlere og brugere Belrobotics-portalen og -appen fungerer parallelt.Dette g\u00f8r brugeroplevelsen endnu st\u00f8rre. Takket v\u00e6re disse giver dit personlige login adgang til nye funktioner, der er unikke p\u00e5 markedet: \u00e6ndre indstillingerne og h\u00e5ndtere meddelelser eksternt, geolokalisere og filtrere i henhold til dine kriterier, og f\u00e5 teknisk support fra din forhandler eksternt og [&hellip;]\" \/>\n<meta property=\"og:url\" content=\"https:\/\/www.belrobotics.com\/da\/app\/\" \/>\n<meta property=\"og:site_name\" content=\"Belrobotics\" \/>\n<meta property=\"article:publisher\" content=\"https:\/\/www.facebook.com\/belrobotics\" \/>\n<meta property=\"article:modified_time\" content=\"2026-02-03T09:09:01+00:00\" \/>\n<meta property=\"og:image\" content=\"https:\/\/www.belrobotics.com\/wp-content\/uploads\/2020\/06\/Belrobotics-header-1.jpg\" \/>\n\t<meta property=\"og:image:width\" content=\"923\" \/>\n\t<meta property=\"og:image:height\" content=\"762\" \/>\n\t<meta property=\"og:image:type\" content=\"image\/jpeg\" \/>\n<meta name=\"twitter:card\" content=\"summary_large_image\" \/>\n<meta name=\"twitter:label1\" content=\"Estimeret l\u00e6setid\" \/>\n\t<meta name=\"twitter:data1\" content=\"8 minutter\" \/>\n<script type=\"application\/ld+json\" class=\"yoast-schema-graph\">{\"@context\":\"https:\/\/schema.org\",\"@graph\":[{\"@type\":\"WebPage\",\"@id\":\"https:\/\/www.belrobotics.com\/da\/app\/\",\"url\":\"https:\/\/www.belrobotics.com\/da\/app\/\",\"name\":\"Belrobotics-app og -portal - Belrobotics\",\"isPartOf\":{\"@id\":\"https:\/\/www.belrobotics.com\/da\/#website\"},\"primaryImageOfPage\":{\"@id\":\"https:\/\/www.belrobotics.com\/da\/app\/#primaryimage\"},\"image\":{\"@id\":\"https:\/\/www.belrobotics.com\/da\/app\/#primaryimage\"},\"thumbnailUrl\":\"https:\/\/www.belrobotics.com\/wp-content\/uploads\/2020\/06\/Belrobotics-header-1.jpg\",\"datePublished\":\"2020-06-08T09:34:26+00:00\",\"dateModified\":\"2026-02-03T09:09:01+00:00\",\"breadcrumb\":{\"@id\":\"https:\/\/www.belrobotics.com\/da\/app\/#breadcrumb\"},\"inLanguage\":\"da-DK\",\"potentialAction\":[{\"@type\":\"ReadAction\",\"target\":[\"https:\/\/www.belrobotics.com\/da\/app\/\"]}]},{\"@type\":\"ImageObject\",\"inLanguage\":\"da-DK\",\"@id\":\"https:\/\/www.belrobotics.com\/da\/app\/#primaryimage\",\"url\":\"https:\/\/www.belrobotics.com\/wp-content\/uploads\/2020\/06\/Belrobotics-header-1.jpg\",\"contentUrl\":\"https:\/\/www.belrobotics.com\/wp-content\/uploads\/2020\/06\/Belrobotics-header-1.jpg\",\"width\":923,\"height\":762},{\"@type\":\"BreadcrumbList\",\"@id\":\"https:\/\/www.belrobotics.com\/da\/app\/#breadcrumb\",\"itemListElement\":[{\"@type\":\"ListItem\",\"position\":1,\"name\":\"Home\",\"item\":\"https:\/\/www.belrobotics.com\/da\/\"},{\"@type\":\"ListItem\",\"position\":2,\"name\":\"Belrobotics-app og -portal\"}]},{\"@type\":\"WebSite\",\"@id\":\"https:\/\/www.belrobotics.com\/da\/#website\",\"url\":\"https:\/\/www.belrobotics.com\/da\/\",\"name\":\"Belrobotics\",\"description\":\"The grass masters\",\"publisher\":{\"@id\":\"https:\/\/www.belrobotics.com\/da\/#organization\"},\"potentialAction\":[{\"@type\":\"SearchAction\",\"target\":{\"@type\":\"EntryPoint\",\"urlTemplate\":\"https:\/\/www.belrobotics.com\/da\/?s={search_term_string}\"},\"query-input\":{\"@type\":\"PropertyValueSpecification\",\"valueRequired\":true,\"valueName\":\"search_term_string\"}}],\"inLanguage\":\"da-DK\"},{\"@type\":\"Organization\",\"@id\":\"https:\/\/www.belrobotics.com\/da\/#organization\",\"name\":\"Belrobotics\",\"url\":\"https:\/\/www.belrobotics.com\/da\/\",\"logo\":{\"@type\":\"ImageObject\",\"inLanguage\":\"da-DK\",\"@id\":\"https:\/\/www.belrobotics.com\/da\/#\/schema\/logo\/image\/\",\"url\":\"https:\/\/www.belrobotics.com\/wp-content\/uploads\/2019\/01\/logo-belrobotics.svg\",\"contentUrl\":\"https:\/\/www.belrobotics.com\/wp-content\/uploads\/2019\/01\/logo-belrobotics.svg\",\"width\":100,\"height\":16,\"caption\":\"Belrobotics\"},\"image\":{\"@id\":\"https:\/\/www.belrobotics.com\/da\/#\/schema\/logo\/image\/\"},\"sameAs\":[\"https:\/\/www.facebook.com\/belrobotics\",\"https:\/\/www.youtube.com\/channel\/UCYgWBPRzEdXmUqLRL0JbUIw\",\"https:\/\/www.instagram.com\/belrobotics_europe\/\"]}]}<\/script>\n<!-- \/ Yoast SEO plugin. -->","yoast_head_json":{"title":"Belrobotics-app og -portal - Belrobotics","robots":{"index":"index","follow":"follow","max-snippet":"max-snippet:-1","max-image-preview":"max-image-preview:large","max-video-preview":"max-video-preview:-1"},"canonical":"https:\/\/www.belrobotics.com\/da\/app\/","og_locale":"da_DK","og_type":"article","og_title":"Belrobotics-app og -portal - Belrobotics","og_description":"En unik oplevelse for forhandlere og brugere Belrobotics-portalen og -appen fungerer parallelt.Dette g\u00f8r brugeroplevelsen endnu st\u00f8rre. Takket v\u00e6re disse giver dit personlige login adgang til nye funktioner, der er unikke p\u00e5 markedet: \u00e6ndre indstillingerne og h\u00e5ndtere meddelelser eksternt, geolokalisere og filtrere i henhold til dine kriterier, og f\u00e5 teknisk support fra din forhandler eksternt og [&hellip;]","og_url":"https:\/\/www.belrobotics.com\/da\/app\/","og_site_name":"Belrobotics","article_publisher":"https:\/\/www.facebook.com\/belrobotics","article_modified_time":"2026-02-03T09:09:01+00:00","og_image":[{"width":923,"height":762,"url":"https:\/\/www.belrobotics.com\/wp-content\/uploads\/2020\/06\/Belrobotics-header-1.jpg","type":"image\/jpeg"}],"twitter_card":"summary_large_image","twitter_misc":{"Estimeret l\u00e6setid":"8 minutter"},"schema":{"@context":"https:\/\/schema.org","@graph":[{"@type":"WebPage","@id":"https:\/\/www.belrobotics.com\/da\/app\/","url":"https:\/\/www.belrobotics.com\/da\/app\/","name":"Belrobotics-app og -portal - Belrobotics","isPartOf":{"@id":"https:\/\/www.belrobotics.com\/da\/#website"},"primaryImageOfPage":{"@id":"https:\/\/www.belrobotics.com\/da\/app\/#primaryimage"},"image":{"@id":"https:\/\/www.belrobotics.com\/da\/app\/#primaryimage"},"thumbnailUrl":"https:\/\/www.belrobotics.com\/wp-content\/uploads\/2020\/06\/Belrobotics-header-1.jpg","datePublished":"2020-06-08T09:34:26+00:00","dateModified":"2026-02-03T09:09:01+00:00","breadcrumb":{"@id":"https:\/\/www.belrobotics.com\/da\/app\/#breadcrumb"},"inLanguage":"da-DK","potentialAction":[{"@type":"ReadAction","target":["https:\/\/www.belrobotics.com\/da\/app\/"]}]},{"@type":"ImageObject","inLanguage":"da-DK","@id":"https:\/\/www.belrobotics.com\/da\/app\/#primaryimage","url":"https:\/\/www.belrobotics.com\/wp-content\/uploads\/2020\/06\/Belrobotics-header-1.jpg","contentUrl":"https:\/\/www.belrobotics.com\/wp-content\/uploads\/2020\/06\/Belrobotics-header-1.jpg","width":923,"height":762},{"@type":"BreadcrumbList","@id":"https:\/\/www.belrobotics.com\/da\/app\/#breadcrumb","itemListElement":[{"@type":"ListItem","position":1,"name":"Home","item":"https:\/\/www.belrobotics.com\/da\/"},{"@type":"ListItem","position":2,"name":"Belrobotics-app og -portal"}]},{"@type":"WebSite","@id":"https:\/\/www.belrobotics.com\/da\/#website","url":"https:\/\/www.belrobotics.com\/da\/","name":"Belrobotics","description":"The grass masters","publisher":{"@id":"https:\/\/www.belrobotics.com\/da\/#organization"},"potentialAction":[{"@type":"SearchAction","target":{"@type":"EntryPoint","urlTemplate":"https:\/\/www.belrobotics.com\/da\/?s={search_term_string}"},"query-input":{"@type":"PropertyValueSpecification","valueRequired":true,"valueName":"search_term_string"}}],"inLanguage":"da-DK"},{"@type":"Organization","@id":"https:\/\/www.belrobotics.com\/da\/#organization","name":"Belrobotics","url":"https:\/\/www.belrobotics.com\/da\/","logo":{"@type":"ImageObject","inLanguage":"da-DK","@id":"https:\/\/www.belrobotics.com\/da\/#\/schema\/logo\/image\/","url":"https:\/\/www.belrobotics.com\/wp-content\/uploads\/2019\/01\/logo-belrobotics.svg","contentUrl":"https:\/\/www.belrobotics.com\/wp-content\/uploads\/2019\/01\/logo-belrobotics.svg","width":100,"height":16,"caption":"Belrobotics"},"image":{"@id":"https:\/\/www.belrobotics.com\/da\/#\/schema\/logo\/image\/"},"sameAs":["https:\/\/www.facebook.com\/belrobotics","https:\/\/www.youtube.com\/channel\/UCYgWBPRzEdXmUqLRL0JbUIw","https:\/\/www.instagram.com\/belrobotics_europe\/"]}]}},"_links":{"self":[{"href":"https:\/\/www.belrobotics.com\/da\/wp-json\/wp\/v2\/pages\/10865","targetHints":{"allow":["GET"]}}],"collection":[{"href":"https:\/\/www.belrobotics.com\/da\/wp-json\/wp\/v2\/pages"}],"about":[{"href":"https:\/\/www.belrobotics.com\/da\/wp-json\/wp\/v2\/types\/page"}],"author":[{"embeddable":true,"href":"https:\/\/www.belrobotics.com\/da\/wp-json\/wp\/v2\/users\/9"}],"replies":[{"embeddable":true,"href":"https:\/\/www.belrobotics.com\/da\/wp-json\/wp\/v2\/comments?post=10865"}],"version-history":[{"count":5,"href":"https:\/\/www.belrobotics.com\/da\/wp-json\/wp\/v2\/pages\/10865\/revisions"}],"predecessor-version":[{"id":42351,"href":"https:\/\/www.belrobotics.com\/da\/wp-json\/wp\/v2\/pages\/10865\/revisions\/42351"}],"wp:featuredmedia":[{"embeddable":true,"href":"https:\/\/www.belrobotics.com\/da\/wp-json\/wp\/v2\/media\/10181"}],"wp:attachment":[{"href":"https:\/\/www.belrobotics.com\/da\/wp-json\/wp\/v2\/media?parent=10865"}],"curies":[{"name":"wp","href":"https:\/\/api.w.org\/{rel}","templated":true}]}}