{"id":24076,"date":"2023-05-26T11:55:45","date_gmt":"2023-05-26T10:55:45","guid":{"rendered":"https:\/\/belrobotics.andromede.digital\/?page_id=24076"},"modified":"2023-06-26T11:28:17","modified_gmt":"2023-06-26T10:28:17","slug":"wisenav-roboticka-sekacka-gps-rtk-bez-vymezovacich-dratu","status":"publish","type":"page","link":"https:\/\/www.belrobotics.com\/cs\/wisenav-roboticka-sekacka-gps-rtk-bez-vymezovacich-dratu\/","title":{"rendered":"WiseNav: robotick\u00e1 seka\u010dka GPS-RTK bez vymezovac\u00edch dr\u00e1t\u016f"},"content":{"rendered":"<h3 class=\"p1\">Se\u010den\u00ed s po\u017eadovan\u00fdm vzorem pln\u011b v re\u017eimu GPS<\/h3>\n<p><span style=\"font-weight: 400;\">Technologie stroje GPS-RTK ji\u017e umo\u017e\u0148uje se\u010den\u00ed s po\u017eadovan\u00fdm vzorem. S upgradem WiseNav Va\u0161e robotick\u00e1 seka\u010dka je\u0161t\u011b zv\u00fd\u0161\u00ed p\u0159esnost a bude pracovat i bez vymezovac\u00edho dr\u00e1tu. T\u0159ikr\u00e1t v\u011bt\u0161\u00ed kapacita se\u010den\u00ed a v\u00fdrazn\u00e9 sn\u00ed\u017een\u00ed va\u0161\u00ed pracovn\u00ed z\u00e1t\u011b\u017ee. K dispozici tak\u00e9 pro sb\u011bra\u010de golfov\u00fdch m\u00ed\u010dk\u016f.<br clear='none'\/>\n<\/span><\/p>\n<h3>Vylep\u0161en\u00ed, na kter\u00e9 jste \u010dekali<\/h3>\n<p><span style=\"font-weight: 400;\">Spr\u00e1vce greenu, fotbalov\u00e9ho h\u0159i\u0161t\u011b, sportovn\u00edho are\u00e1lu, parku &#8230; jako profesion\u00e1l v oblasti tr\u00e1vn\u00edk\u016f je Va\u0161\u00edm c\u00edlem optimalizovat spr\u00e1vu a p\u00e9\u010di o sv\u016fj are\u00e1l. Objevte nejnov\u011bj\u0161\u00ed bezplatn\u00fd upgrade Va\u0161\u00ed robotick\u00e9 seka\u010dky Belrobotics GPS-RTK: se\u010den\u00ed do vzoru s centimetrovou p\u0159esnost\u00ed bez vymezovac\u00edho dr\u00e1tu.<\/span><\/p>\n","protected":false},"excerpt":{"rendered":"<p>Se\u010den\u00ed s po\u017eadovan\u00fdm vzorem pln\u011b v re\u017eimu GPS Technologie stroje GPS-RTK ji\u017e umo\u017e\u0148uje se\u010den\u00ed s po\u017eadovan\u00fdm vzorem. S upgradem WiseNav Va\u0161e robotick\u00e1 seka\u010dka je\u0161t\u011b zv\u00fd\u0161\u00ed p\u0159esnost a bude pracovat i bez vymezovac\u00edho dr\u00e1tu. T\u0159ikr\u00e1t v\u011bt\u0161\u00ed kapacita se\u010den\u00ed a v\u00fdrazn\u00e9 sn\u00ed\u017een\u00ed va\u0161\u00ed pracovn\u00ed z\u00e1t\u011b\u017ee. K dispozici tak\u00e9 pro sb\u011bra\u010de golfov\u00fdch m\u00ed\u010dk\u016f. Vylep\u0161en\u00ed, na kter\u00e9 jste \u010dekali [&hellip;]<\/p>\n","protected":false},"author":9,"featured_media":23949,"parent":0,"menu_order":0,"comment_status":"closed","ping_status":"closed","template":"wisenav.php","meta":{"_acf_changed":false,"footnotes":""},"class_list":["post-24076","page","type-page","status-publish","has-post-thumbnail","hentry"],"acf":[],"yoast_head":"<!-- This site is optimized with the Yoast SEO plugin v26.9 - https:\/\/yoast.com\/product\/yoast-seo-wordpress\/ -->\n<title>WiseNav: technologie bez vymezovac\u00edch dr\u00e1t\u016f - Belrobotics<\/title>\n<meta name=\"description\" content=\"Technologie bez vymezovac\u00edch dr\u00e1t\u016f WiseNav v robotick\u00fdch seka\u010dk\u00e1ch Belrobotics GPS-RTK p\u0159in\u00e1\u0161\u00ed revoluci v se\u010den\u00ed v po\u017eadovan\u00e9m vzoru.\" \/>\n<meta name=\"robots\" content=\"index, follow, max-snippet:-1, max-image-preview:large, max-video-preview:-1\" \/>\n<link rel=\"canonical\" href=\"https:\/\/www.belrobotics.com\/cs\/wisenav-roboticka-sekacka-gps-rtk-bez-vymezovacich-dratu\/\" \/>\n<meta property=\"og:locale\" content=\"cs_CZ\" \/>\n<meta property=\"og:type\" content=\"article\" \/>\n<meta property=\"og:title\" content=\"WiseNav: technologie bez vymezovac\u00edch dr\u00e1t\u016f - Belrobotics\" \/>\n<meta property=\"og:description\" content=\"Technologie bez vymezovac\u00edch dr\u00e1t\u016f WiseNav v robotick\u00fdch seka\u010dk\u00e1ch Belrobotics GPS-RTK p\u0159in\u00e1\u0161\u00ed revoluci v se\u010den\u00ed v po\u017eadovan\u00e9m vzoru.\" \/>\n<meta property=\"og:url\" content=\"https:\/\/www.belrobotics.com\/cs\/wisenav-roboticka-sekacka-gps-rtk-bez-vymezovacich-dratu\/\" \/>\n<meta property=\"og:site_name\" content=\"Belrobotics\" \/>\n<meta property=\"article:publisher\" content=\"https:\/\/www.facebook.com\/belrobotics\" \/>\n<meta property=\"article:modified_time\" content=\"2023-06-26T10:28:17+00:00\" \/>\n<meta property=\"og:image\" content=\"https:\/\/www.belrobotics.com\/wp-content\/uploads\/2023\/05\/wisenav_header_bg_only.webp\" \/>\n\t<meta property=\"og:image:width\" content=\"1000\" \/>\n\t<meta property=\"og:image:height\" content=\"683\" \/>\n\t<meta property=\"og:image:type\" content=\"image\/webp\" \/>\n<meta name=\"twitter:card\" content=\"summary_large_image\" \/>\n<meta name=\"twitter:label1\" content=\"Odhadovan\u00e1 doba \u010dten\u00ed\" \/>\n\t<meta name=\"twitter:data1\" content=\"1 minuta\" \/>\n<script type=\"application\/ld+json\" class=\"yoast-schema-graph\">{\"@context\":\"https:\/\/schema.org\",\"@graph\":[{\"@type\":\"WebPage\",\"@id\":\"https:\/\/www.belrobotics.com\/cs\/wisenav-roboticka-sekacka-gps-rtk-bez-vymezovacich-dratu\/\",\"url\":\"https:\/\/www.belrobotics.com\/cs\/wisenav-roboticka-sekacka-gps-rtk-bez-vymezovacich-dratu\/\",\"name\":\"WiseNav: technologie bez vymezovac\u00edch dr\u00e1t\u016f - Belrobotics\",\"isPartOf\":{\"@id\":\"https:\/\/www.belrobotics.com\/cs\/#website\"},\"primaryImageOfPage\":{\"@id\":\"https:\/\/www.belrobotics.com\/cs\/wisenav-roboticka-sekacka-gps-rtk-bez-vymezovacich-dratu\/#primaryimage\"},\"image\":{\"@id\":\"https:\/\/www.belrobotics.com\/cs\/wisenav-roboticka-sekacka-gps-rtk-bez-vymezovacich-dratu\/#primaryimage\"},\"thumbnailUrl\":\"https:\/\/www.belrobotics.com\/wp-content\/uploads\/2023\/05\/wisenav_header_bg_only.webp\",\"datePublished\":\"2023-05-26T10:55:45+00:00\",\"dateModified\":\"2023-06-26T10:28:17+00:00\",\"description\":\"Technologie bez vymezovac\u00edch dr\u00e1t\u016f WiseNav v robotick\u00fdch seka\u010dk\u00e1ch Belrobotics GPS-RTK p\u0159in\u00e1\u0161\u00ed revoluci v se\u010den\u00ed v po\u017eadovan\u00e9m vzoru.\",\"breadcrumb\":{\"@id\":\"https:\/\/www.belrobotics.com\/cs\/wisenav-roboticka-sekacka-gps-rtk-bez-vymezovacich-dratu\/#breadcrumb\"},\"inLanguage\":\"cs\",\"potentialAction\":[{\"@type\":\"ReadAction\",\"target\":[\"https:\/\/www.belrobotics.com\/cs\/wisenav-roboticka-sekacka-gps-rtk-bez-vymezovacich-dratu\/\"]}]},{\"@type\":\"ImageObject\",\"inLanguage\":\"cs\",\"@id\":\"https:\/\/www.belrobotics.com\/cs\/wisenav-roboticka-sekacka-gps-rtk-bez-vymezovacich-dratu\/#primaryimage\",\"url\":\"https:\/\/www.belrobotics.com\/wp-content\/uploads\/2023\/05\/wisenav_header_bg_only.webp\",\"contentUrl\":\"https:\/\/www.belrobotics.com\/wp-content\/uploads\/2023\/05\/wisenav_header_bg_only.webp\",\"width\":1000,\"height\":683},{\"@type\":\"BreadcrumbList\",\"@id\":\"https:\/\/www.belrobotics.com\/cs\/wisenav-roboticka-sekacka-gps-rtk-bez-vymezovacich-dratu\/#breadcrumb\",\"itemListElement\":[{\"@type\":\"ListItem\",\"position\":1,\"name\":\"Home\",\"item\":\"https:\/\/www.belrobotics.com\/cs\/\"},{\"@type\":\"ListItem\",\"position\":2,\"name\":\"WiseNav: robotick\u00e1 seka\u010dka GPS-RTK bez vymezovac\u00edch dr\u00e1t\u016f\"}]},{\"@type\":\"WebSite\",\"@id\":\"https:\/\/www.belrobotics.com\/cs\/#website\",\"url\":\"https:\/\/www.belrobotics.com\/cs\/\",\"name\":\"Belrobotics\",\"description\":\"The grass masters\",\"publisher\":{\"@id\":\"https:\/\/www.belrobotics.com\/cs\/#organization\"},\"potentialAction\":[{\"@type\":\"SearchAction\",\"target\":{\"@type\":\"EntryPoint\",\"urlTemplate\":\"https:\/\/www.belrobotics.com\/cs\/?s={search_term_string}\"},\"query-input\":{\"@type\":\"PropertyValueSpecification\",\"valueRequired\":true,\"valueName\":\"search_term_string\"}}],\"inLanguage\":\"cs\"},{\"@type\":\"Organization\",\"@id\":\"https:\/\/www.belrobotics.com\/cs\/#organization\",\"name\":\"Belrobotics\",\"url\":\"https:\/\/www.belrobotics.com\/cs\/\",\"logo\":{\"@type\":\"ImageObject\",\"inLanguage\":\"cs\",\"@id\":\"https:\/\/www.belrobotics.com\/cs\/#\/schema\/logo\/image\/\",\"url\":\"https:\/\/www.belrobotics.com\/wp-content\/uploads\/2019\/01\/logo-belrobotics.svg\",\"contentUrl\":\"https:\/\/www.belrobotics.com\/wp-content\/uploads\/2019\/01\/logo-belrobotics.svg\",\"width\":100,\"height\":16,\"caption\":\"Belrobotics\"},\"image\":{\"@id\":\"https:\/\/www.belrobotics.com\/cs\/#\/schema\/logo\/image\/\"},\"sameAs\":[\"https:\/\/www.facebook.com\/belrobotics\",\"https:\/\/www.youtube.com\/channel\/UCYgWBPRzEdXmUqLRL0JbUIw\",\"https:\/\/www.instagram.com\/belrobotics_europe\/\"]}]}<\/script>\n<!-- \/ Yoast SEO plugin. -->","yoast_head_json":{"title":"WiseNav: technologie bez vymezovac\u00edch dr\u00e1t\u016f - Belrobotics","description":"Technologie bez vymezovac\u00edch dr\u00e1t\u016f WiseNav v robotick\u00fdch seka\u010dk\u00e1ch Belrobotics GPS-RTK p\u0159in\u00e1\u0161\u00ed revoluci v se\u010den\u00ed v po\u017eadovan\u00e9m vzoru.","robots":{"index":"index","follow":"follow","max-snippet":"max-snippet:-1","max-image-preview":"max-image-preview:large","max-video-preview":"max-video-preview:-1"},"canonical":"https:\/\/www.belrobotics.com\/cs\/wisenav-roboticka-sekacka-gps-rtk-bez-vymezovacich-dratu\/","og_locale":"cs_CZ","og_type":"article","og_title":"WiseNav: technologie bez vymezovac\u00edch dr\u00e1t\u016f - Belrobotics","og_description":"Technologie bez vymezovac\u00edch dr\u00e1t\u016f WiseNav v robotick\u00fdch seka\u010dk\u00e1ch Belrobotics GPS-RTK p\u0159in\u00e1\u0161\u00ed revoluci v se\u010den\u00ed v po\u017eadovan\u00e9m vzoru.","og_url":"https:\/\/www.belrobotics.com\/cs\/wisenav-roboticka-sekacka-gps-rtk-bez-vymezovacich-dratu\/","og_site_name":"Belrobotics","article_publisher":"https:\/\/www.facebook.com\/belrobotics","article_modified_time":"2023-06-26T10:28:17+00:00","og_image":[{"width":1000,"height":683,"url":"https:\/\/www.belrobotics.com\/wp-content\/uploads\/2023\/05\/wisenav_header_bg_only.webp","type":"image\/webp"}],"twitter_card":"summary_large_image","twitter_misc":{"Odhadovan\u00e1 doba \u010dten\u00ed":"1 minuta"},"schema":{"@context":"https:\/\/schema.org","@graph":[{"@type":"WebPage","@id":"https:\/\/www.belrobotics.com\/cs\/wisenav-roboticka-sekacka-gps-rtk-bez-vymezovacich-dratu\/","url":"https:\/\/www.belrobotics.com\/cs\/wisenav-roboticka-sekacka-gps-rtk-bez-vymezovacich-dratu\/","name":"WiseNav: technologie bez vymezovac\u00edch dr\u00e1t\u016f - Belrobotics","isPartOf":{"@id":"https:\/\/www.belrobotics.com\/cs\/#website"},"primaryImageOfPage":{"@id":"https:\/\/www.belrobotics.com\/cs\/wisenav-roboticka-sekacka-gps-rtk-bez-vymezovacich-dratu\/#primaryimage"},"image":{"@id":"https:\/\/www.belrobotics.com\/cs\/wisenav-roboticka-sekacka-gps-rtk-bez-vymezovacich-dratu\/#primaryimage"},"thumbnailUrl":"https:\/\/www.belrobotics.com\/wp-content\/uploads\/2023\/05\/wisenav_header_bg_only.webp","datePublished":"2023-05-26T10:55:45+00:00","dateModified":"2023-06-26T10:28:17+00:00","description":"Technologie bez vymezovac\u00edch dr\u00e1t\u016f WiseNav v robotick\u00fdch seka\u010dk\u00e1ch Belrobotics GPS-RTK p\u0159in\u00e1\u0161\u00ed revoluci v se\u010den\u00ed v po\u017eadovan\u00e9m vzoru.","breadcrumb":{"@id":"https:\/\/www.belrobotics.com\/cs\/wisenav-roboticka-sekacka-gps-rtk-bez-vymezovacich-dratu\/#breadcrumb"},"inLanguage":"cs","potentialAction":[{"@type":"ReadAction","target":["https:\/\/www.belrobotics.com\/cs\/wisenav-roboticka-sekacka-gps-rtk-bez-vymezovacich-dratu\/"]}]},{"@type":"ImageObject","inLanguage":"cs","@id":"https:\/\/www.belrobotics.com\/cs\/wisenav-roboticka-sekacka-gps-rtk-bez-vymezovacich-dratu\/#primaryimage","url":"https:\/\/www.belrobotics.com\/wp-content\/uploads\/2023\/05\/wisenav_header_bg_only.webp","contentUrl":"https:\/\/www.belrobotics.com\/wp-content\/uploads\/2023\/05\/wisenav_header_bg_only.webp","width":1000,"height":683},{"@type":"BreadcrumbList","@id":"https:\/\/www.belrobotics.com\/cs\/wisenav-roboticka-sekacka-gps-rtk-bez-vymezovacich-dratu\/#breadcrumb","itemListElement":[{"@type":"ListItem","position":1,"name":"Home","item":"https:\/\/www.belrobotics.com\/cs\/"},{"@type":"ListItem","position":2,"name":"WiseNav: robotick\u00e1 seka\u010dka GPS-RTK bez vymezovac\u00edch dr\u00e1t\u016f"}]},{"@type":"WebSite","@id":"https:\/\/www.belrobotics.com\/cs\/#website","url":"https:\/\/www.belrobotics.com\/cs\/","name":"Belrobotics","description":"The grass masters","publisher":{"@id":"https:\/\/www.belrobotics.com\/cs\/#organization"},"potentialAction":[{"@type":"SearchAction","target":{"@type":"EntryPoint","urlTemplate":"https:\/\/www.belrobotics.com\/cs\/?s={search_term_string}"},"query-input":{"@type":"PropertyValueSpecification","valueRequired":true,"valueName":"search_term_string"}}],"inLanguage":"cs"},{"@type":"Organization","@id":"https:\/\/www.belrobotics.com\/cs\/#organization","name":"Belrobotics","url":"https:\/\/www.belrobotics.com\/cs\/","logo":{"@type":"ImageObject","inLanguage":"cs","@id":"https:\/\/www.belrobotics.com\/cs\/#\/schema\/logo\/image\/","url":"https:\/\/www.belrobotics.com\/wp-content\/uploads\/2019\/01\/logo-belrobotics.svg","contentUrl":"https:\/\/www.belrobotics.com\/wp-content\/uploads\/2019\/01\/logo-belrobotics.svg","width":100,"height":16,"caption":"Belrobotics"},"image":{"@id":"https:\/\/www.belrobotics.com\/cs\/#\/schema\/logo\/image\/"},"sameAs":["https:\/\/www.facebook.com\/belrobotics","https:\/\/www.youtube.com\/channel\/UCYgWBPRzEdXmUqLRL0JbUIw","https:\/\/www.instagram.com\/belrobotics_europe\/"]}]}},"_links":{"self":[{"href":"https:\/\/www.belrobotics.com\/cs\/wp-json\/wp\/v2\/pages\/24076","targetHints":{"allow":["GET"]}}],"collection":[{"href":"https:\/\/www.belrobotics.com\/cs\/wp-json\/wp\/v2\/pages"}],"about":[{"href":"https:\/\/www.belrobotics.com\/cs\/wp-json\/wp\/v2\/types\/page"}],"author":[{"embeddable":true,"href":"https:\/\/www.belrobotics.com\/cs\/wp-json\/wp\/v2\/users\/9"}],"replies":[{"embeddable":true,"href":"https:\/\/www.belrobotics.com\/cs\/wp-json\/wp\/v2\/comments?post=24076"}],"version-history":[{"count":4,"href":"https:\/\/www.belrobotics.com\/cs\/wp-json\/wp\/v2\/pages\/24076\/revisions"}],"predecessor-version":[{"id":24488,"href":"https:\/\/www.belrobotics.com\/cs\/wp-json\/wp\/v2\/pages\/24076\/revisions\/24488"}],"wp:featuredmedia":[{"embeddable":true,"href":"https:\/\/www.belrobotics.com\/cs\/wp-json\/wp\/v2\/media\/23949"}],"wp:attachment":[{"href":"https:\/\/www.belrobotics.com\/cs\/wp-json\/wp\/v2\/media?parent=24076"}],"curies":[{"name":"wp","href":"https:\/\/api.w.org\/{rel}","templated":true}]}}