{"id":18321,"date":"2022-02-09T18:17:49","date_gmt":"2022-02-09T17:17:49","guid":{"rendered":"https:\/\/belrobotics.andromede.digital\/zasady-ochrany-vasich-udaju\/"},"modified":"2022-02-17T17:50:54","modified_gmt":"2022-02-17T16:50:54","slug":"zasady-ochrany-vasich-udaju","status":"publish","type":"page","link":"https:\/\/www.belrobotics.com\/cs\/zasady-ochrany-vasich-udaju\/","title":{"rendered":"Z\u00e1sady ochrany Va\u0161ich \u00fadaj\u016f"},"content":{"rendered":"\r\n<p>V souladu s ustanoven\u00edmi na\u0159\u00edzen\u00ed Evropsk\u00e9ho parlamentu a Rady (EU) 2016\/679 p\u0159ijat\u00e9ho dne 27. dubna 2016 o ochran\u011b fyzick\u00fdch osob v souvislosti se zpracov\u00e1n\u00edm osobn\u00edch \u00fadaj\u016f a o voln\u00e9m pohybu t\u011bchto \u00fadaj\u016f (GDPR) v\u00e1s t\u00edmto informujeme o podm\u00ednk\u00e1ch zpracov\u00e1n\u00ed va\u0161ich osobn\u00edch \u00fadaj\u016f.<\/p>\r\n<p>Jako spr\u00e1vce a subdodavatel zpracov\u00e1v\u00e1me va\u0161e \u00fadaje v r\u00e1mci va\u0161ich p\u0159i\u0159azen\u00ed.<\/p>\r\n<p>Va\u0161e \u00fadaje jsou uchov\u00e1v\u00e1ny po dobu nezbytnou pro pln\u011bn\u00ed \u00fakolu a v souladu se z\u00e1konnou dobou archivace a uchov\u00e1v\u00e1n\u00ed dokument\u016f v souvislosti s na\u0161\u00ed profes\u00ed pr\u00e1vn\u00edho poradce \/ obchodn\u00edho konzultanta \/ zprost\u0159edkovatele.<\/p>\r\n<p>P\u0159i n\u00e1v\u0161t\u011bv\u011b na\u0161ich webov\u00fdch str\u00e1nek je identifikov\u00e1na IP adresa va\u0161eho p\u0159ihla\u0161ovac\u00edho za\u0159\u00edzen\u00ed.<\/p>\r\n<p>Va\u0161e p\u0159ihla\u0161ovac\u00ed \u00fadaje jsou zpracov\u00e1v\u00e1ny za \u00fa\u010delem registrace a kontroly va\u0161\u00ed identity, mo\u017en\u00e9 prevence proti vir\u016fm, phishingu nebo jin\u00fdm po\u010d\u00edta\u010dov\u00fdm zlo\u010din\u016fm, statistik a vylep\u0161en\u00ed na\u0161ich webov\u00fdch str\u00e1nek.<\/p>\r\n<p>Kdy\u017e vypln\u00edte kontaktn\u00ed formul\u00e1\u0159 na webov\u00fdch str\u00e1nk\u00e1ch\u00a0<a href=\"https:\/\/www.belrobotics.com\/\">www.belrobotics.com<\/a>\u00a0nebo n\u00e1\u0161 elektronick\u00fd vyhodnocovac\u00ed formul\u00e1\u0159, va\u0161e \u00fadaje jsou zpracov\u00e1v\u00e1ny v r\u00e1mci spr\u00e1vy \u017e\u00e1dost\u00ed, dotaz\u016f a zlep\u0161ovac\u00edch akc\u00ed.<\/p>\r\n<p>M\u00e1te pr\u00e1vo kdykoli a bezplatn\u011b z\u00edskat p\u0159\u00edstup k informac\u00edm, kter\u00e9 o v\u00e1s m\u00e1me, a m\u016f\u017eete je aktualizovat nebo opravit, vymazat nebo po\u017e\u00e1dat o jejich p\u0159enos.<\/p>\r\n<p>Za t\u00edmto \u00fa\u010delem mus\u00edte kontaktovat vedouc\u00edho zpracov\u00e1n\u00ed na\u0161\u00ed spole\u010dnosti na adrese <a href=\"mailto:dataprivacy@yamabiko.eu\">dataprivacy@yamabiko.eu<\/a><\/p>\r\n<p>Zavazujeme se p\u0159ijmout vhodn\u00e1 technick\u00e1 a organiza\u010dn\u00ed opat\u0159en\u00ed na ochranu va\u0161ich osobn\u00edch \u00fadaj\u016f p\u0159ed zni\u010den\u00edm, a\u0165 u\u017e n\u00e1hodn\u00fdm nebo nez\u00e1konn\u00fdm, ztr\u00e1tou, pad\u011bl\u00e1n\u00edm, neopr\u00e1vn\u011bn\u00fdm zve\u0159ejn\u011bn\u00edm nebo p\u0159\u00edstupem, zejm\u00e9na pokud zpracov\u00e1n\u00ed zahrnuje p\u0159enos \u00fadaj\u016f po s\u00edti; p\u0159ed jakoukoli jinou nez\u00e1konnou formou zpracov\u00e1n\u00ed; a zajistit \u00farove\u0148 zabezpe\u010den\u00ed p\u0159izp\u016fsobenou rizik\u016fm, kter\u00e1 p\u0159edstavuje zpracov\u00e1n\u00ed a povaha osobn\u00edch \u00fadaj\u016f, kter\u00e9 maj\u00ed b\u00fdt chr\u00e1n\u011bny; s ohledem na technick\u00e9 mo\u017enosti a n\u00e1klady na proveden\u00ed.<\/p>\r\n","protected":false},"excerpt":{"rendered":"<p>V souladu s ustanoven\u00edmi na\u0159\u00edzen\u00ed Evropsk\u00e9ho parlamentu a Rady (EU) 2016\/679 p\u0159ijat\u00e9ho dne 27. dubna 2016 o ochran\u011b fyzick\u00fdch osob v souvislosti se zpracov\u00e1n\u00edm osobn\u00edch \u00fadaj\u016f a o voln\u00e9m pohybu t\u011bchto \u00fadaj\u016f (GDPR) v\u00e1s t\u00edmto informujeme o podm\u00ednk\u00e1ch zpracov\u00e1n\u00ed va\u0161ich osobn\u00edch \u00fadaj\u016f. Jako spr\u00e1vce a subdodavatel zpracov\u00e1v\u00e1me va\u0161e \u00fadaje v r\u00e1mci va\u0161ich p\u0159i\u0159azen\u00ed. Va\u0161e \u00fadaje [&hellip;]<\/p>\n","protected":false},"author":9,"featured_media":0,"parent":0,"menu_order":0,"comment_status":"closed","ping_status":"closed","template":"","meta":{"_acf_changed":false,"footnotes":""},"class_list":["post-18321","page","type-page","status-publish","hentry"],"acf":[],"yoast_head":"<!-- This site is optimized with the Yoast SEO plugin v26.9 - https:\/\/yoast.com\/product\/yoast-seo-wordpress\/ -->\n<title>Z\u00e1sady ochrany Va\u0161ich \u00fadaj\u016f - Belrobotics<\/title>\n<meta name=\"robots\" content=\"index, follow, max-snippet:-1, max-image-preview:large, max-video-preview:-1\" \/>\n<link rel=\"canonical\" href=\"https:\/\/www.belrobotics.com\/cs\/zasady-ochrany-vasich-udaju\/\" \/>\n<meta property=\"og:locale\" content=\"cs_CZ\" \/>\n<meta property=\"og:type\" content=\"article\" \/>\n<meta property=\"og:title\" content=\"Z\u00e1sady ochrany Va\u0161ich \u00fadaj\u016f - Belrobotics\" \/>\n<meta property=\"og:description\" content=\"V souladu s ustanoven\u00edmi na\u0159\u00edzen\u00ed Evropsk\u00e9ho parlamentu a Rady (EU) 2016\/679 p\u0159ijat\u00e9ho dne 27. dubna 2016 o ochran\u011b fyzick\u00fdch osob v souvislosti se zpracov\u00e1n\u00edm osobn\u00edch \u00fadaj\u016f a o voln\u00e9m pohybu t\u011bchto \u00fadaj\u016f (GDPR) v\u00e1s t\u00edmto informujeme o podm\u00ednk\u00e1ch zpracov\u00e1n\u00ed va\u0161ich osobn\u00edch \u00fadaj\u016f. Jako spr\u00e1vce a subdodavatel zpracov\u00e1v\u00e1me va\u0161e \u00fadaje v r\u00e1mci va\u0161ich p\u0159i\u0159azen\u00ed. Va\u0161e \u00fadaje [&hellip;]\" \/>\n<meta property=\"og:url\" content=\"https:\/\/www.belrobotics.com\/cs\/zasady-ochrany-vasich-udaju\/\" \/>\n<meta property=\"og:site_name\" content=\"Belrobotics\" \/>\n<meta property=\"article:publisher\" content=\"https:\/\/www.facebook.com\/belrobotics\" \/>\n<meta property=\"article:modified_time\" content=\"2022-02-17T16:50:54+00:00\" \/>\n<meta name=\"twitter:card\" content=\"summary_large_image\" \/>\n<meta name=\"twitter:label1\" content=\"Odhadovan\u00e1 doba \u010dten\u00ed\" \/>\n\t<meta name=\"twitter:data1\" content=\"2 minuty\" \/>\n<script type=\"application\/ld+json\" class=\"yoast-schema-graph\">{\"@context\":\"https:\/\/schema.org\",\"@graph\":[{\"@type\":\"WebPage\",\"@id\":\"https:\/\/www.belrobotics.com\/cs\/zasady-ochrany-vasich-udaju\/\",\"url\":\"https:\/\/www.belrobotics.com\/cs\/zasady-ochrany-vasich-udaju\/\",\"name\":\"Z\u00e1sady ochrany Va\u0161ich \u00fadaj\u016f - Belrobotics\",\"isPartOf\":{\"@id\":\"https:\/\/www.belrobotics.com\/cs\/#website\"},\"datePublished\":\"2022-02-09T17:17:49+00:00\",\"dateModified\":\"2022-02-17T16:50:54+00:00\",\"breadcrumb\":{\"@id\":\"https:\/\/www.belrobotics.com\/cs\/zasady-ochrany-vasich-udaju\/#breadcrumb\"},\"inLanguage\":\"cs\",\"potentialAction\":[{\"@type\":\"ReadAction\",\"target\":[\"https:\/\/www.belrobotics.com\/cs\/zasady-ochrany-vasich-udaju\/\"]}]},{\"@type\":\"BreadcrumbList\",\"@id\":\"https:\/\/www.belrobotics.com\/cs\/zasady-ochrany-vasich-udaju\/#breadcrumb\",\"itemListElement\":[{\"@type\":\"ListItem\",\"position\":1,\"name\":\"Home\",\"item\":\"https:\/\/www.belrobotics.com\/cs\/\"},{\"@type\":\"ListItem\",\"position\":2,\"name\":\"Z\u00e1sady ochrany Va\u0161ich \u00fadaj\u016f\"}]},{\"@type\":\"WebSite\",\"@id\":\"https:\/\/www.belrobotics.com\/cs\/#website\",\"url\":\"https:\/\/www.belrobotics.com\/cs\/\",\"name\":\"Belrobotics\",\"description\":\"The grass masters\",\"publisher\":{\"@id\":\"https:\/\/www.belrobotics.com\/cs\/#organization\"},\"potentialAction\":[{\"@type\":\"SearchAction\",\"target\":{\"@type\":\"EntryPoint\",\"urlTemplate\":\"https:\/\/www.belrobotics.com\/cs\/?s={search_term_string}\"},\"query-input\":{\"@type\":\"PropertyValueSpecification\",\"valueRequired\":true,\"valueName\":\"search_term_string\"}}],\"inLanguage\":\"cs\"},{\"@type\":\"Organization\",\"@id\":\"https:\/\/www.belrobotics.com\/cs\/#organization\",\"name\":\"Belrobotics\",\"url\":\"https:\/\/www.belrobotics.com\/cs\/\",\"logo\":{\"@type\":\"ImageObject\",\"inLanguage\":\"cs\",\"@id\":\"https:\/\/www.belrobotics.com\/cs\/#\/schema\/logo\/image\/\",\"url\":\"https:\/\/www.belrobotics.com\/wp-content\/uploads\/2019\/01\/logo-belrobotics.svg\",\"contentUrl\":\"https:\/\/www.belrobotics.com\/wp-content\/uploads\/2019\/01\/logo-belrobotics.svg\",\"width\":100,\"height\":16,\"caption\":\"Belrobotics\"},\"image\":{\"@id\":\"https:\/\/www.belrobotics.com\/cs\/#\/schema\/logo\/image\/\"},\"sameAs\":[\"https:\/\/www.facebook.com\/belrobotics\",\"https:\/\/www.youtube.com\/channel\/UCYgWBPRzEdXmUqLRL0JbUIw\",\"https:\/\/www.instagram.com\/belrobotics_europe\/\"]}]}<\/script>\n<!-- \/ Yoast SEO plugin. -->","yoast_head_json":{"title":"Z\u00e1sady ochrany Va\u0161ich \u00fadaj\u016f - Belrobotics","robots":{"index":"index","follow":"follow","max-snippet":"max-snippet:-1","max-image-preview":"max-image-preview:large","max-video-preview":"max-video-preview:-1"},"canonical":"https:\/\/www.belrobotics.com\/cs\/zasady-ochrany-vasich-udaju\/","og_locale":"cs_CZ","og_type":"article","og_title":"Z\u00e1sady ochrany Va\u0161ich \u00fadaj\u016f - Belrobotics","og_description":"V souladu s ustanoven\u00edmi na\u0159\u00edzen\u00ed Evropsk\u00e9ho parlamentu a Rady (EU) 2016\/679 p\u0159ijat\u00e9ho dne 27. dubna 2016 o ochran\u011b fyzick\u00fdch osob v souvislosti se zpracov\u00e1n\u00edm osobn\u00edch \u00fadaj\u016f a o voln\u00e9m pohybu t\u011bchto \u00fadaj\u016f (GDPR) v\u00e1s t\u00edmto informujeme o podm\u00ednk\u00e1ch zpracov\u00e1n\u00ed va\u0161ich osobn\u00edch \u00fadaj\u016f. Jako spr\u00e1vce a subdodavatel zpracov\u00e1v\u00e1me va\u0161e \u00fadaje v r\u00e1mci va\u0161ich p\u0159i\u0159azen\u00ed. Va\u0161e \u00fadaje [&hellip;]","og_url":"https:\/\/www.belrobotics.com\/cs\/zasady-ochrany-vasich-udaju\/","og_site_name":"Belrobotics","article_publisher":"https:\/\/www.facebook.com\/belrobotics","article_modified_time":"2022-02-17T16:50:54+00:00","twitter_card":"summary_large_image","twitter_misc":{"Odhadovan\u00e1 doba \u010dten\u00ed":"2 minuty"},"schema":{"@context":"https:\/\/schema.org","@graph":[{"@type":"WebPage","@id":"https:\/\/www.belrobotics.com\/cs\/zasady-ochrany-vasich-udaju\/","url":"https:\/\/www.belrobotics.com\/cs\/zasady-ochrany-vasich-udaju\/","name":"Z\u00e1sady ochrany Va\u0161ich \u00fadaj\u016f - Belrobotics","isPartOf":{"@id":"https:\/\/www.belrobotics.com\/cs\/#website"},"datePublished":"2022-02-09T17:17:49+00:00","dateModified":"2022-02-17T16:50:54+00:00","breadcrumb":{"@id":"https:\/\/www.belrobotics.com\/cs\/zasady-ochrany-vasich-udaju\/#breadcrumb"},"inLanguage":"cs","potentialAction":[{"@type":"ReadAction","target":["https:\/\/www.belrobotics.com\/cs\/zasady-ochrany-vasich-udaju\/"]}]},{"@type":"BreadcrumbList","@id":"https:\/\/www.belrobotics.com\/cs\/zasady-ochrany-vasich-udaju\/#breadcrumb","itemListElement":[{"@type":"ListItem","position":1,"name":"Home","item":"https:\/\/www.belrobotics.com\/cs\/"},{"@type":"ListItem","position":2,"name":"Z\u00e1sady ochrany Va\u0161ich \u00fadaj\u016f"}]},{"@type":"WebSite","@id":"https:\/\/www.belrobotics.com\/cs\/#website","url":"https:\/\/www.belrobotics.com\/cs\/","name":"Belrobotics","description":"The grass masters","publisher":{"@id":"https:\/\/www.belrobotics.com\/cs\/#organization"},"potentialAction":[{"@type":"SearchAction","target":{"@type":"EntryPoint","urlTemplate":"https:\/\/www.belrobotics.com\/cs\/?s={search_term_string}"},"query-input":{"@type":"PropertyValueSpecification","valueRequired":true,"valueName":"search_term_string"}}],"inLanguage":"cs"},{"@type":"Organization","@id":"https:\/\/www.belrobotics.com\/cs\/#organization","name":"Belrobotics","url":"https:\/\/www.belrobotics.com\/cs\/","logo":{"@type":"ImageObject","inLanguage":"cs","@id":"https:\/\/www.belrobotics.com\/cs\/#\/schema\/logo\/image\/","url":"https:\/\/www.belrobotics.com\/wp-content\/uploads\/2019\/01\/logo-belrobotics.svg","contentUrl":"https:\/\/www.belrobotics.com\/wp-content\/uploads\/2019\/01\/logo-belrobotics.svg","width":100,"height":16,"caption":"Belrobotics"},"image":{"@id":"https:\/\/www.belrobotics.com\/cs\/#\/schema\/logo\/image\/"},"sameAs":["https:\/\/www.facebook.com\/belrobotics","https:\/\/www.youtube.com\/channel\/UCYgWBPRzEdXmUqLRL0JbUIw","https:\/\/www.instagram.com\/belrobotics_europe\/"]}]}},"_links":{"self":[{"href":"https:\/\/www.belrobotics.com\/cs\/wp-json\/wp\/v2\/pages\/18321","targetHints":{"allow":["GET"]}}],"collection":[{"href":"https:\/\/www.belrobotics.com\/cs\/wp-json\/wp\/v2\/pages"}],"about":[{"href":"https:\/\/www.belrobotics.com\/cs\/wp-json\/wp\/v2\/types\/page"}],"author":[{"embeddable":true,"href":"https:\/\/www.belrobotics.com\/cs\/wp-json\/wp\/v2\/users\/9"}],"replies":[{"embeddable":true,"href":"https:\/\/www.belrobotics.com\/cs\/wp-json\/wp\/v2\/comments?post=18321"}],"version-history":[{"count":0,"href":"https:\/\/www.belrobotics.com\/cs\/wp-json\/wp\/v2\/pages\/18321\/revisions"}],"wp:attachment":[{"href":"https:\/\/www.belrobotics.com\/cs\/wp-json\/wp\/v2\/media?parent=18321"}],"curies":[{"name":"wp","href":"https:\/\/api.w.org\/{rel}","templated":true}]}}