{"id":18319,"date":"2022-02-09T18:15:33","date_gmt":"2022-02-09T17:15:33","guid":{"rendered":"https:\/\/belrobotics.andromede.digital\/hobby\/"},"modified":"2023-07-06T08:51:43","modified_gmt":"2023-07-06T07:51:43","slug":"hobby","status":"publish","type":"page","link":"https:\/\/www.belrobotics.com\/cs\/hobby\/","title":{"rendered":"Hobby"},"content":{"rendered":"<h3>\u00dadr\u017eba pozemku v automatick\u00e9m re\u017eimu<\/h3>\n<p>Seka\u010dka Parcmow dok\u00e1\u017ee schopna udr\u017eovat a\u017e 12 000 m\u00b2 tr\u00e1vn\u00edku. To z n\u00ed d\u011bl\u00e1 nejvhodn\u011bj\u0161\u00ed robotickou seka\u010dku pro dom\u00e1cnosti. U\u0161et\u0159\u00edte \u010das a pen\u011bz, jako nikdy p\u0159edt\u00edm. Te\u010f je ta spr\u00e1vn\u00e1 chv\u00edle, abyste delegovali pr\u00e1ci a vyu\u017eili sv\u016fj tr\u00e1vn\u00edk na maximum.<\/p>\n","protected":false},"excerpt":{"rendered":"<p>\u00dadr\u017eba pozemku v automatick\u00e9m re\u017eimu Seka\u010dka Parcmow dok\u00e1\u017ee schopna udr\u017eovat a\u017e 12 000 m\u00b2 tr\u00e1vn\u00edku. To z n\u00ed d\u011bl\u00e1 nejvhodn\u011bj\u0161\u00ed robotickou seka\u010dku pro dom\u00e1cnosti. U\u0161et\u0159\u00edte \u010das a pen\u011bz, jako nikdy p\u0159edt\u00edm. Te\u010f je ta spr\u00e1vn\u00e1 chv\u00edle, abyste delegovali pr\u00e1ci a vyu\u017eili sv\u016fj tr\u00e1vn\u00edk na maximum.<\/p>\n","protected":false},"author":9,"featured_media":15553,"parent":0,"menu_order":0,"comment_status":"closed","ping_status":"closed","template":"utilisation.php","meta":{"_acf_changed":false,"footnotes":""},"class_list":["post-18319","page","type-page","status-publish","has-post-thumbnail","hentry"],"acf":[],"yoast_head":"<!-- This site is optimized with the Yoast SEO plugin v26.9 - https:\/\/yoast.com\/product\/yoast-seo-wordpress\/ -->\n<title>Hobby - Belrobotics<\/title>\n<meta name=\"robots\" content=\"index, follow, max-snippet:-1, max-image-preview:large, max-video-preview:-1\" \/>\n<link rel=\"canonical\" href=\"https:\/\/www.belrobotics.com\/cs\/hobby\/\" \/>\n<meta property=\"og:locale\" content=\"cs_CZ\" \/>\n<meta property=\"og:type\" content=\"article\" \/>\n<meta property=\"og:title\" content=\"Hobby - Belrobotics\" \/>\n<meta property=\"og:description\" content=\"\u00dadr\u017eba pozemku v automatick\u00e9m re\u017eimu Seka\u010dka Parcmow dok\u00e1\u017ee schopna udr\u017eovat a\u017e 12 000 m\u00b2 tr\u00e1vn\u00edku. To z n\u00ed d\u011bl\u00e1 nejvhodn\u011bj\u0161\u00ed robotickou seka\u010dku pro dom\u00e1cnosti. U\u0161et\u0159\u00edte \u010das a pen\u011bz, jako nikdy p\u0159edt\u00edm. Te\u010f je ta spr\u00e1vn\u00e1 chv\u00edle, abyste delegovali pr\u00e1ci a vyu\u017eili sv\u016fj tr\u00e1vn\u00edk na maximum.\" \/>\n<meta property=\"og:url\" content=\"https:\/\/www.belrobotics.com\/cs\/hobby\/\" \/>\n<meta property=\"og:site_name\" content=\"Belrobotics\" \/>\n<meta property=\"article:publisher\" content=\"https:\/\/www.facebook.com\/belrobotics\" \/>\n<meta property=\"article:modified_time\" content=\"2023-07-06T07:51:43+00:00\" \/>\n<meta property=\"og:image\" content=\"https:\/\/www.belrobotics.com\/wp-content\/uploads\/2019\/01\/belrobotics_3451-1024x683.jpg\" \/>\n\t<meta property=\"og:image:width\" content=\"1024\" \/>\n\t<meta property=\"og:image:height\" content=\"683\" \/>\n\t<meta property=\"og:image:type\" content=\"image\/jpeg\" \/>\n<meta name=\"twitter:card\" content=\"summary_large_image\" \/>\n<meta name=\"twitter:label1\" content=\"Odhadovan\u00e1 doba \u010dten\u00ed\" \/>\n\t<meta name=\"twitter:data1\" content=\"1 minuta\" \/>\n<script type=\"application\/ld+json\" class=\"yoast-schema-graph\">{\"@context\":\"https:\/\/schema.org\",\"@graph\":[{\"@type\":\"WebPage\",\"@id\":\"https:\/\/www.belrobotics.com\/cs\/hobby\/\",\"url\":\"https:\/\/www.belrobotics.com\/cs\/hobby\/\",\"name\":\"Hobby - Belrobotics\",\"isPartOf\":{\"@id\":\"https:\/\/www.belrobotics.com\/cs\/#website\"},\"primaryImageOfPage\":{\"@id\":\"https:\/\/www.belrobotics.com\/cs\/hobby\/#primaryimage\"},\"image\":{\"@id\":\"https:\/\/www.belrobotics.com\/cs\/hobby\/#primaryimage\"},\"thumbnailUrl\":\"https:\/\/www.belrobotics.com\/wp-content\/uploads\/2019\/01\/belrobotics_3451.jpg\",\"datePublished\":\"2022-02-09T17:15:33+00:00\",\"dateModified\":\"2023-07-06T07:51:43+00:00\",\"breadcrumb\":{\"@id\":\"https:\/\/www.belrobotics.com\/cs\/hobby\/#breadcrumb\"},\"inLanguage\":\"cs\",\"potentialAction\":[{\"@type\":\"ReadAction\",\"target\":[\"https:\/\/www.belrobotics.com\/cs\/hobby\/\"]}]},{\"@type\":\"ImageObject\",\"inLanguage\":\"cs\",\"@id\":\"https:\/\/www.belrobotics.com\/cs\/hobby\/#primaryimage\",\"url\":\"https:\/\/www.belrobotics.com\/wp-content\/uploads\/2019\/01\/belrobotics_3451.jpg\",\"contentUrl\":\"https:\/\/www.belrobotics.com\/wp-content\/uploads\/2019\/01\/belrobotics_3451.jpg\",\"width\":4000,\"height\":2668},{\"@type\":\"BreadcrumbList\",\"@id\":\"https:\/\/www.belrobotics.com\/cs\/hobby\/#breadcrumb\",\"itemListElement\":[{\"@type\":\"ListItem\",\"position\":1,\"name\":\"Home\",\"item\":\"https:\/\/www.belrobotics.com\/cs\/\"},{\"@type\":\"ListItem\",\"position\":2,\"name\":\"Hobby\"}]},{\"@type\":\"WebSite\",\"@id\":\"https:\/\/www.belrobotics.com\/cs\/#website\",\"url\":\"https:\/\/www.belrobotics.com\/cs\/\",\"name\":\"Belrobotics\",\"description\":\"The grass masters\",\"publisher\":{\"@id\":\"https:\/\/www.belrobotics.com\/cs\/#organization\"},\"potentialAction\":[{\"@type\":\"SearchAction\",\"target\":{\"@type\":\"EntryPoint\",\"urlTemplate\":\"https:\/\/www.belrobotics.com\/cs\/?s={search_term_string}\"},\"query-input\":{\"@type\":\"PropertyValueSpecification\",\"valueRequired\":true,\"valueName\":\"search_term_string\"}}],\"inLanguage\":\"cs\"},{\"@type\":\"Organization\",\"@id\":\"https:\/\/www.belrobotics.com\/cs\/#organization\",\"name\":\"Belrobotics\",\"url\":\"https:\/\/www.belrobotics.com\/cs\/\",\"logo\":{\"@type\":\"ImageObject\",\"inLanguage\":\"cs\",\"@id\":\"https:\/\/www.belrobotics.com\/cs\/#\/schema\/logo\/image\/\",\"url\":\"https:\/\/www.belrobotics.com\/wp-content\/uploads\/2019\/01\/logo-belrobotics.svg\",\"contentUrl\":\"https:\/\/www.belrobotics.com\/wp-content\/uploads\/2019\/01\/logo-belrobotics.svg\",\"width\":100,\"height\":16,\"caption\":\"Belrobotics\"},\"image\":{\"@id\":\"https:\/\/www.belrobotics.com\/cs\/#\/schema\/logo\/image\/\"},\"sameAs\":[\"https:\/\/www.facebook.com\/belrobotics\",\"https:\/\/www.youtube.com\/channel\/UCYgWBPRzEdXmUqLRL0JbUIw\",\"https:\/\/www.instagram.com\/belrobotics_europe\/\"]}]}<\/script>\n<!-- \/ Yoast SEO plugin. -->","yoast_head_json":{"title":"Hobby - Belrobotics","robots":{"index":"index","follow":"follow","max-snippet":"max-snippet:-1","max-image-preview":"max-image-preview:large","max-video-preview":"max-video-preview:-1"},"canonical":"https:\/\/www.belrobotics.com\/cs\/hobby\/","og_locale":"cs_CZ","og_type":"article","og_title":"Hobby - Belrobotics","og_description":"\u00dadr\u017eba pozemku v automatick\u00e9m re\u017eimu Seka\u010dka Parcmow dok\u00e1\u017ee schopna udr\u017eovat a\u017e 12 000 m\u00b2 tr\u00e1vn\u00edku. To z n\u00ed d\u011bl\u00e1 nejvhodn\u011bj\u0161\u00ed robotickou seka\u010dku pro dom\u00e1cnosti. U\u0161et\u0159\u00edte \u010das a pen\u011bz, jako nikdy p\u0159edt\u00edm. Te\u010f je ta spr\u00e1vn\u00e1 chv\u00edle, abyste delegovali pr\u00e1ci a vyu\u017eili sv\u016fj tr\u00e1vn\u00edk na maximum.","og_url":"https:\/\/www.belrobotics.com\/cs\/hobby\/","og_site_name":"Belrobotics","article_publisher":"https:\/\/www.facebook.com\/belrobotics","article_modified_time":"2023-07-06T07:51:43+00:00","og_image":[{"width":1024,"height":683,"url":"https:\/\/www.belrobotics.com\/wp-content\/uploads\/2019\/01\/belrobotics_3451-1024x683.jpg","type":"image\/jpeg"}],"twitter_card":"summary_large_image","twitter_misc":{"Odhadovan\u00e1 doba \u010dten\u00ed":"1 minuta"},"schema":{"@context":"https:\/\/schema.org","@graph":[{"@type":"WebPage","@id":"https:\/\/www.belrobotics.com\/cs\/hobby\/","url":"https:\/\/www.belrobotics.com\/cs\/hobby\/","name":"Hobby - Belrobotics","isPartOf":{"@id":"https:\/\/www.belrobotics.com\/cs\/#website"},"primaryImageOfPage":{"@id":"https:\/\/www.belrobotics.com\/cs\/hobby\/#primaryimage"},"image":{"@id":"https:\/\/www.belrobotics.com\/cs\/hobby\/#primaryimage"},"thumbnailUrl":"https:\/\/www.belrobotics.com\/wp-content\/uploads\/2019\/01\/belrobotics_3451.jpg","datePublished":"2022-02-09T17:15:33+00:00","dateModified":"2023-07-06T07:51:43+00:00","breadcrumb":{"@id":"https:\/\/www.belrobotics.com\/cs\/hobby\/#breadcrumb"},"inLanguage":"cs","potentialAction":[{"@type":"ReadAction","target":["https:\/\/www.belrobotics.com\/cs\/hobby\/"]}]},{"@type":"ImageObject","inLanguage":"cs","@id":"https:\/\/www.belrobotics.com\/cs\/hobby\/#primaryimage","url":"https:\/\/www.belrobotics.com\/wp-content\/uploads\/2019\/01\/belrobotics_3451.jpg","contentUrl":"https:\/\/www.belrobotics.com\/wp-content\/uploads\/2019\/01\/belrobotics_3451.jpg","width":4000,"height":2668},{"@type":"BreadcrumbList","@id":"https:\/\/www.belrobotics.com\/cs\/hobby\/#breadcrumb","itemListElement":[{"@type":"ListItem","position":1,"name":"Home","item":"https:\/\/www.belrobotics.com\/cs\/"},{"@type":"ListItem","position":2,"name":"Hobby"}]},{"@type":"WebSite","@id":"https:\/\/www.belrobotics.com\/cs\/#website","url":"https:\/\/www.belrobotics.com\/cs\/","name":"Belrobotics","description":"The grass masters","publisher":{"@id":"https:\/\/www.belrobotics.com\/cs\/#organization"},"potentialAction":[{"@type":"SearchAction","target":{"@type":"EntryPoint","urlTemplate":"https:\/\/www.belrobotics.com\/cs\/?s={search_term_string}"},"query-input":{"@type":"PropertyValueSpecification","valueRequired":true,"valueName":"search_term_string"}}],"inLanguage":"cs"},{"@type":"Organization","@id":"https:\/\/www.belrobotics.com\/cs\/#organization","name":"Belrobotics","url":"https:\/\/www.belrobotics.com\/cs\/","logo":{"@type":"ImageObject","inLanguage":"cs","@id":"https:\/\/www.belrobotics.com\/cs\/#\/schema\/logo\/image\/","url":"https:\/\/www.belrobotics.com\/wp-content\/uploads\/2019\/01\/logo-belrobotics.svg","contentUrl":"https:\/\/www.belrobotics.com\/wp-content\/uploads\/2019\/01\/logo-belrobotics.svg","width":100,"height":16,"caption":"Belrobotics"},"image":{"@id":"https:\/\/www.belrobotics.com\/cs\/#\/schema\/logo\/image\/"},"sameAs":["https:\/\/www.facebook.com\/belrobotics","https:\/\/www.youtube.com\/channel\/UCYgWBPRzEdXmUqLRL0JbUIw","https:\/\/www.instagram.com\/belrobotics_europe\/"]}]}},"_links":{"self":[{"href":"https:\/\/www.belrobotics.com\/cs\/wp-json\/wp\/v2\/pages\/18319","targetHints":{"allow":["GET"]}}],"collection":[{"href":"https:\/\/www.belrobotics.com\/cs\/wp-json\/wp\/v2\/pages"}],"about":[{"href":"https:\/\/www.belrobotics.com\/cs\/wp-json\/wp\/v2\/types\/page"}],"author":[{"embeddable":true,"href":"https:\/\/www.belrobotics.com\/cs\/wp-json\/wp\/v2\/users\/9"}],"replies":[{"embeddable":true,"href":"https:\/\/www.belrobotics.com\/cs\/wp-json\/wp\/v2\/comments?post=18319"}],"version-history":[{"count":1,"href":"https:\/\/www.belrobotics.com\/cs\/wp-json\/wp\/v2\/pages\/18319\/revisions"}],"predecessor-version":[{"id":25263,"href":"https:\/\/www.belrobotics.com\/cs\/wp-json\/wp\/v2\/pages\/18319\/revisions\/25263"}],"wp:featuredmedia":[{"embeddable":true,"href":"https:\/\/www.belrobotics.com\/cs\/wp-json\/wp\/v2\/media\/15553"}],"wp:attachment":[{"href":"https:\/\/www.belrobotics.com\/cs\/wp-json\/wp\/v2\/media?parent=18319"}],"curies":[{"name":"wp","href":"https:\/\/api.w.org\/{rel}","templated":true}]}}