{"id":18318,"date":"2022-02-09T18:14:31","date_gmt":"2022-02-09T17:14:31","guid":{"rendered":"https:\/\/belrobotics.andromede.digital\/prohlaseni\/"},"modified":"2022-02-09T18:14:31","modified_gmt":"2022-02-09T17:14:31","slug":"prohlaseni","status":"publish","type":"page","link":"https:\/\/www.belrobotics.com\/cs\/prohlaseni\/","title":{"rendered":"Prohl\u00e1\u0161en\u00ed"},"content":{"rendered":"<p align=\"center\"><strong>YAMABIKO EUROPE S.A.<\/strong><\/p>\n<p align=\"center\">S\u00cdDLO SPOLE\u010cNOSTI: Avenue Lavoisier 35, 1300 Wavre, Belgie<\/p>\n<p align=\"center\">B.C.E. 0477.194.468<\/p>\n<p align=\"center\">Telefon: +32 10 48 00 36<\/p>\n<p align=\"center\">E-mail: <a href=\"mailto:dataprivacy@yamabiko.eu\">dataprivacy@yamabiko.eu<\/a><\/p>\n<p align=\"center\">PODM\u00cdNKY POU\u017d\u00cdV\u00c1N\u00cd WEBOV\u00ddCH STR\u00c1NEK <a href=\"https:\/\/www.belrobotics.com\/\">https:\/\/www.belrobotics.com<\/a><\/p>\n<p>&nbsp;<\/p>\n<p><strong>1.\u00a0\u00a0\u00a0\u00a0\u00a0\u00a0\u00a0\u00a0 \u00da\u010del webov\u00fdch str\u00e1nek a obecn\u00e9 podm\u00ednky pou\u017e\u00edv\u00e1n\u00ed<\/strong><\/p>\n<p>Spole\u010dnost YAMABIKO EUROPE nab\u00edz\u00ed slu\u017eby v oblasti prodeje a \u00fadr\u017eby robotick\u00fdch seka\u010dek, n\u016f\u017eek na \u017eiv\u00e9 ploty, fukar\u016f na list\u00ed a motorov\u00fdch pil n\u00e1sleduj\u00edc\u00edch zna\u010dek &#8211; Belrobotics, Echo a Shindaiwa.<\/p>\n<p><a href=\"http:\/\/www.traitdeco.be\/\">www.belrobotics.com<\/a> slou\u017e\u00ed k prezentaci \u010dinnost\u00ed a slu\u017eeb, robotick\u00fdch seka\u010dek a konceptu YAMABIKO EUROPE, jako\u017e i k publikov\u00e1n\u00ed p\u0159\u00edslu\u0161n\u00fdch \u010dl\u00e1nk\u016f a novinek.<\/p>\n<p>Aktu\u00e1ln\u00ed V\u0161eobecn\u00e9 podm\u00ednky pou\u017e\u00edv\u00e1n\u00ed mohou b\u00fdt kdykoli aktualizov\u00e1ny bez p\u0159edchoz\u00edho upozorn\u011bn\u00ed. U\u017eivateli se proto doporu\u010duje, aby tyto podm\u00ednky pravideln\u011b sledoval. Ka\u017ed\u00e1 takov\u00e1 zm\u011bna vstupuje v platnost, jakmile je zve\u0159ejn\u011bna online.<\/p>\n<p>Pokud je n\u011bkter\u00fd bod st\u00e1vaj\u00edc\u00edch V\u0161eobecn\u00fdch podm\u00ednek pou\u017e\u00edv\u00e1n\u00ed z jak\u00e9hokoli d\u016fvodu neplatn\u00fd nebo se stane nepou\u017eiteln\u00fdm, nezp\u016fsob\u00ed tato neplatnost nebo nepou\u017eitelnost neplatnost ani nepou\u017eitelnost ostatn\u00edch bod\u016f V\u0161eobecn\u00fdch podm\u00ednek pou\u017e\u00edv\u00e1n\u00ed.<\/p>\n<p><strong>2.         Pou\u017e\u00edv\u00e1n\u00ed t\u011bchto str\u00e1nek<\/strong><\/p>\n<p><a href=\"http:\/\/www.sospme.be\/\">www.belrobotics.com<\/a> je k dispozici u\u017eivatel\u016fm pro jejich osobn\u00ed pou\u017eit\u00ed za podm\u00ednek definovan\u00fdch n\u00ed\u017ee. Pou\u017e\u00edv\u00e1n\u00ed t\u011bchto webov\u00fdch str\u00e1nek vyjad\u0159uje bezv\u00fdhradn\u00fd souhlas se v\u0161emi podm\u00ednkami pou\u017e\u00edv\u00e1n\u00ed.<\/p>\n<p>Str\u00e1nky <a href=\"http:\/\/www.sospme.be\/\">www.belrobotics.com<\/a> nesm\u00ed b\u00fdt pou\u017eity ke spekulativn\u00edm, chybn\u00fdm nebo podvodn\u00fdm \u017e\u00e1dostem.<\/p>\n<p>U\u017eivatel mus\u00ed b\u00fdt star\u0161\u00ed 18 let, m\u00edt pr\u00e1vn\u00ed zp\u016fsobilost k podpisu smluv a pou\u017e\u00edvat tyto webov\u00e9 str\u00e1nky v souladu se V\u0161eobecn\u00fdmi podm\u00ednkami pou\u017e\u00edv\u00e1n\u00ed t\u011bchto str\u00e1nek.<\/p>\n<p><strong>3.         Autorsk\u00e1 pr\u00e1va &#8211; du\u0161evn\u00ed vlastnictv\u00ed<\/strong><\/p>\n<p>Spole\u010dnost YAMABIKO EUROPE je vlastn\u00edkem v\u0161ech pr\u00e1v du\u0161evn\u00edho vlastnictv\u00ed ke v\u0161em prvk\u016fm na t\u011bchto webov\u00fdch str\u00e1nk\u00e1ch (fotografie, loga, kresby, grafy, texty, videa atd.), ale tak\u00e9 v\u0161ech autorsk\u00fdch pr\u00e1v, patent\u016f, know-how, d\u016fv\u011brn\u00fdch informac\u00ed, pr\u00e1v k datab\u00e1z\u00edm, registrovan\u00fdch ochrann\u00fdch zn\u00e1mek a koncept\u016f, a\u0165 u\u017e jsou registrov\u00e1ny, nebo ne, na webov\u00fdch str\u00e1nk\u00e1ch <a href=\"http:\/\/www.sospme.be\/\">www.belrobotics.com<\/a>.<\/p>\n<p>U\u017eivatel\u016fm je proto zak\u00e1z\u00e1no reprodukovat, upravovat, p\u0159en\u00e1\u0161et nebo pou\u017e\u00edvat jakoukoli \u010d\u00e1st webov\u00fdch str\u00e1nek bez p\u0159edchoz\u00edho p\u00edsemn\u00e9ho souhlasu spole\u010dnosti YAMABIKO EUROPE.<\/p>\n<p><strong>4.         Stahov\u00e1n\u00ed<\/strong><\/p>\n<p>Jak\u00e9koli stahov\u00e1n\u00ed dat z webov\u00fdch str\u00e1nek <a href=\"http:\/\/www.sospme.be\/\">www.belrobotics.com<\/a> prob\u00edh\u00e1 v\u00fdhradn\u011b na vlastn\u00ed riziko a odpov\u011bdnost u\u017eivatele.<\/p>\n<p>U\u017eivatel bere na v\u011bdom\u00ed, \u017ee pou\u017e\u00edv\u00e1n\u00ed po\u010d\u00edta\u010dov\u00fdch slu\u017eeb a syst\u00e9m\u016f nen\u00ed bez rizika. Spole\u010dnost YAMABIKO EUROPE proto nem\u016f\u017ee n\u00e9st odpov\u011bdnost za \u0161kody zp\u016fsoben\u00e9 jakoukoli formou po\u010d\u00edta\u010dov\u00e9ho malwaru po sta\u017een\u00ed informac\u00ed z webov\u00fdch str\u00e1nek <a href=\"http:\/\/www.sospme.be\/\">www.belrobotics.com<\/a>.<\/p>\n<p><strong>5.         Zpracov\u00e1n\u00ed osobn\u00edch \u00fadaj\u016f<\/strong><\/p>\n<p>Mohou b\u00fdt shroma\u017e\u010fov\u00e1ny ur\u010dit\u00e9 osobn\u00ed \u00fadaje t\u00fdkaj\u00edc\u00ed se u\u017eivatele webov\u00fdch str\u00e1nek <a href=\"http:\/\/www.sospme.be\/\">www.belrobotics.com<\/a>, zejm\u00e9na kdy\u017e u\u017eivatel vypln\u00ed kontaktn\u00ed formul\u00e1\u0159, po\u017e\u00e1d\u00e1 o cenovou nab\u00eddku nebo o podporu, nebo prost\u0159ednictv\u00edm soubor\u016f cookie nebo sledovac\u00edch pixel\u016f (viz odd\u00edl 10).<\/p>\n<p>Za zpracov\u00e1n\u00ed t\u011bchto \u00fadaj\u016f odpov\u00edd\u00e1 spole\u010dnost YAMABIKO EUROPE S.A. se s\u00eddlem na adrese Avenue Lavoisier 35, 1300 Wavre, Belgie.<\/p>\n<p>\u00da\u010del shroma\u017e\u010fov\u00e1n\u00ed osobn\u00edch \u00fadaj\u016f u\u017eivatel\u016f je omezen na spr\u00e1vu n\u00e1v\u0161t\u011bv webov\u00fdch str\u00e1nek, spr\u00e1vu z\u00e1kazn\u00edk\u016f, vy\u0159izov\u00e1n\u00ed objedn\u00e1vek u\u017eivatel\u016f, propagaci produkt\u016f a slu\u017eeb a veden\u00ed p\u0159\u00edm\u00fdch marketingov\u00fdch kampan\u00ed pomoc\u00ed elektronick\u00e9 po\u0161ty.<\/p>\n<p>Z\u00e1kazn\u00edk m\u00e1 pr\u00e1vo kdykoli odm\u00edtnout pou\u017eit\u00ed t\u011bchto informac\u00ed osobn\u00ed povahy pro \u00fa\u010dely p\u0159\u00edm\u00e9ho marketingu.<\/p>\n<p>U\u017eivatel m\u00e1 pr\u00e1vo na p\u0159\u00edstup k informac\u00edm osobn\u00ed povahy, jejich opravu nebo odstran\u011bn\u00ed v souladu se z\u00e1konem ze dne 8. prosince 1992 o ochran\u011b osobn\u00edch \u00fadaj\u016f a nakl\u00e1d\u00e1n\u00ed s informacemi osobn\u00ed povahy.<\/p>\n<p>Pro uplatn\u011bn\u00ed tohoto pr\u00e1va na p\u0159\u00edstup, opravu nebo odstran\u011bn\u00ed osobn\u00edch \u00fadaj\u016f sta\u010d\u00ed bezplatn\u011b kontaktovat spole\u010dnost YAMABIKO EUROPE na n\u00e1sleduj\u00edc\u00ed adrese: <a href=\"mailto:dataprivacy@yamabiko.eu\">dataprivacy@yamabiko.eu<\/a> nebo p\u00edsemn\u011b na adresu s\u00eddla spole\u010dnosti.<\/p>\n<p>Spole\u010dnost YAMABIKO EUROPE pln\u00ed po\u017eadavky sm\u011brnice GDPR (EU 2016\/679) a odpov\u00edd\u00e1 za zachov\u00e1n\u00ed d\u016fv\u011brnosti v\u0161ech informac\u00ed, kter\u00e9 shroma\u017e\u010fuje.<\/p>\n<p><strong>6.         Zabezpe\u010den\u00ed \u00fadaj\u016f<\/strong><\/p>\n<p>Spole\u010dnost YAMABIKO EUROPE zaru\u010duje \u00farove\u0148 zabezpe\u010den\u00ed \u00fadaj\u016f, kter\u00e1 je pln\u011b v souladu s vnitrost\u00e1tn\u00edmi a evropsk\u00fdmi p\u0159edpisy.<\/p>\n<p>Za t\u00edm \u00fa\u010delem <a href=\"http:\/\/www.sospme.be\/\">www.belrobotics.com<\/a> pou\u017e\u00edv\u00e1 n\u011bkolik bezpe\u010dnostn\u00edch syst\u00e9m\u016f, kter\u00e9 poskytuj\u00ed odpov\u00eddaj\u00edc\u00ed \u00farove\u0148 ochrany osobn\u00edch \u00fadaj\u016f u\u017eivatel\u016f. Spole\u010dnost YAMABIKO EUROPE v\u0161ak nem\u016f\u017ee zaru\u010dit, \u017ee se na str\u00e1nky nedostane neopr\u00e1vn\u011bn\u00e1 t\u0159et\u00ed strana, kter\u00e1 by tyto informace neopr\u00e1vn\u011bn\u011b pou\u017eila.<\/p>\n<p><strong>7.         Hypertextov\u00e9 odkazy na jin\u00e9 webov\u00e9 str\u00e1nky<\/strong><\/p>\n<p>Webov\u00e9 str\u00e1nky <a href=\"http:\/\/www.sospme.be\/\">www.belrobotics.com<\/a> mohou obsahovat hypertextov\u00e9 odkazy na jin\u00e9 webov\u00e9 str\u00e1nky. Samotn\u00e1 skute\u010dnost, \u017ee se tyto odkazy nach\u00e1zej\u00ed na webov\u00fdch str\u00e1nk\u00e1ch <a href=\"http:\/\/www.sospme.be\/\">www.belrobotics.com<\/a>, v \u017e\u00e1dn\u00e9m p\u0159\u00edpad\u011b neznamen\u00e1, \u017ee spole\u010dnost YAMABIKO EUROPE podporuje my\u0161lenky nebo n\u00e1zory obsa\u017een\u00e9 na t\u011bchto webov\u00fdch str\u00e1nk\u00e1ch, ani \u017ee s vlastn\u00edky t\u011bchto str\u00e1nek existuje jak\u00e1koli forma partnerstv\u00ed nebo spojen\u00ed.<\/p>\n<p>Spole\u010dnost YAMABIKO EUROPE nem\u016f\u017ee b\u00fdt v \u017e\u00e1dn\u00e9m p\u0159\u00edpad\u011b \u010din\u011bna odpov\u011bdnou za obsah webov\u00fdch str\u00e1nek, na kter\u00e9 tyto hypertextov\u00e9 odkazy odkazuj\u00ed.<\/p>\n<p><strong>8.         Pr\u00e1va spole\u010dnosti YAMABIKO EUROPE<\/strong><\/p>\n<p>Spole\u010dnost YAMABIKO EUROPE si vyhrazuje pr\u00e1vo kdykoli a bez p\u0159edchoz\u00edho upozorn\u011bn\u00ed:<\/p>\n<p>a) zm\u011bnit ozn\u00e1men\u00ed, nab\u00eddky a online informace, <\/p>\n<p>b) zm\u011bnit n\u011bkter\u00e9 slu\u017eby,<\/p>\n<p>c) zablokovat p\u0159\u00edstup na sv\u00e9 webov\u00e9 str\u00e1nky v p\u0159\u00edpad\u011b technick\u00fdch probl\u00e9m\u016f nebo pokud se spole\u010dnost YAMABIKO EUROPE dozv\u00ed o jak\u00e9mkoli zneu\u017eit\u00ed nebo \u0161kodliv\u00e9mu pou\u017eit\u00ed sv\u00fdch webov\u00fdch str\u00e1nek.<\/p>\n<p><strong>9.         Povinnosti u\u017eivatele<\/strong><\/p>\n<p>U\u017eivatel\u00e9 webov\u00fdch str\u00e1nek <a href=\"http:\/\/www.sospme.be\/\">www.belrobotics.com<\/a> souhlas\u00ed, \u017ee nebudou:<\/p>\n<p>a) pou\u017e\u00edvat webov\u00e9 str\u00e1nky k nez\u00e1konn\u00fdm nebo \u0161kodliv\u00fdm \u00fa\u010del\u016fm,<\/p>\n<p>b) naru\u0161ovat p\u0159\u00edstup na webov\u00e9 str\u00e1nky, naru\u0161ovat nebo upravovat webov\u00e9 str\u00e1nky, ani sni\u017eovat jejich \u00fa\u010dinnost, ani zp\u016fsobovat jakoukoli \u0161kodu webov\u00fdm str\u00e1nk\u00e1m, spole\u010dnosti YAMABIKO EUROPE nebo t\u0159et\u00edm stran\u00e1m,<\/p>\n<p>c) pou\u017e\u00edvat webov\u00e9 str\u00e1nky k p\u0159enosu nebo \u0161\u00ed\u0159en\u00ed \u0161kodliv\u00e9ho softwaru nebo \u0161kodliv\u00fdch \u010di nez\u00e1konn\u00fdch informac\u00ed,<\/p>\n<p>d) ohrozit jak\u00e1koli pr\u00e1va du\u0161evn\u00edho vlastnictv\u00ed t\u00fdkaj\u00edc\u00ed se polo\u017eek na webov\u00fdch str\u00e1nk\u00e1ch,<\/p>\n<p>e) odes\u00edlat nebo p\u0159en\u00e1\u0161et nevy\u017e\u00e1dan\u00e9 zpr\u00e1vy,<\/p>\n<p>f) shroma\u017e\u010fovat nebo uchov\u00e1vat jak\u00e9koli osobn\u00ed \u00fadaje t\u00fdkaj\u00edc\u00ed se jin\u00fdch u\u017eivatel\u016f s v\u00fdjimkou p\u0159\u00edpad\u016f, kdy k tomu tito u\u017eivatel\u00e9 ud\u011blili zvl\u00e1\u0161tn\u00ed povolen\u00ed.<\/p>\n<p><strong>10.       Soubory cookie a sledovac\u00ed pixely<\/strong><\/p>\n<p>B\u011bhem n\u00e1v\u0161t\u011bvy webov\u00fdch str\u00e1nek <a href=\"http:\/\/www.sospme.be\/\">www.belrobotics.com<\/a> mohou b\u00fdt do po\u010d\u00edta\u010d\u016f u\u017eivatel\u016f odesl\u00e1ny \u201esoubory cookie\u201c a \u201esledovac\u00ed pixely\u201c.<\/p>\n<p>\u201eSoubory cookie\u201c jsou mal\u00e9 soubory, kter\u00e9 se na \u017e\u00e1dost serveru spravuj\u00edc\u00edho prohl\u00ed\u017een\u00e9 webov\u00e9 str\u00e1nky ukl\u00e1daj\u00ed na pevn\u00fd disk u\u017eivatele a kter\u00e9 umo\u017e\u0148uj\u00ed zajistit odpov\u00eddaj\u00edc\u00ed technick\u00e9 funkce webov\u00fdch str\u00e1nek a mnohem plynulej\u0161\u00ed prohl\u00ed\u017een\u00ed.<\/p>\n<p>\u201eSledovac\u00ed pixely\u201c jsou mal\u00e9 elektronick\u00e9 obr\u00e1zky, kter\u00e9 umo\u017e\u0148uj\u00ed webov\u00fdm str\u00e1nk\u00e1m po\u010d\u00edtat po\u010det n\u00e1v\u0161t\u011bvn\u00edk\u016f na konkr\u00e9tn\u00ed str\u00e1nce. Informace shrom\u00e1\u017ed\u011bn\u00e9 pomoc\u00ed sledovac\u00edch pixel\u016f jsou IP adresa p\u0159ipojen\u00e9ho po\u010d\u00edta\u010de, n\u00e1zev hostitelsk\u00e9ho po\u010d\u00edta\u010de, n\u00e1zev a \u010d\u00edslo verze opera\u010dn\u00edho syst\u00e9mu a pou\u017eit\u00e9ho internetov\u00e9ho prohl\u00ed\u017ee\u010de.<\/p>\n<p>U\u017eivatel\u00e9 webov\u00fdch str\u00e1nek <a href=\"http:\/\/www.sospme.be\/\">www.belrobotics.com<\/a> mohou vymazat\/deaktivovat \u201esoubory cookie\u201c a \u201esledovac\u00ed pixely\u201c ze sv\u00fdch pevn\u00fdch disk\u016f a\/nebo nastavit sv\u016fj prohl\u00ed\u017ee\u010d pomoc\u00ed parametr\u016f, kter\u00e9 zabr\u00e1n\u00ed jejich p\u0159ij\u00edm\u00e1n\u00ed. Zablokov\u00e1n\u00ed \u201esoubor\u016f cookie\u201c a\/nebo \u201esledovac\u00edch pixel\u016f\u201c v\u0161ak m\u016f\u017ee naru\u0161it funkci prohl\u00ed\u017een\u00ed. <\/p>\n<p><strong>11.       Omezen\u00ed odpov\u011bdnosti<\/strong><\/p>\n<p>Spole\u010dnost YAMABIKO EUROPE v \u017e\u00e1dn\u00e9m p\u0159\u00edpad\u011b nenese odpov\u011bdnost za jak\u00e9koli p\u0159\u00edm\u00e9, nep\u0159\u00edm\u00e9, n\u00e1sledn\u00e9, sank\u010dn\u00ed nebo konkr\u00e9tn\u00ed ztr\u00e1ty \u010di \u0161kody (v\u010detn\u011b, mimo jin\u00e9, \u0161kod vypl\u00fdvaj\u00edc\u00edch ze ztr\u00e1ty p\u0159\u00edjm\u016f, smluv, obchod\u016f, informac\u00ed nebo jak\u00fdchkoli jin\u00fdch dat obsa\u017een\u00fdch v syst\u00e9mu spr\u00e1vy informac\u00ed u\u017eivatele nebo z p\u0159eru\u0161en\u00ed obchodn\u00ed \u010dinnosti), kter\u00e9 vznikly v d\u016fsledku pou\u017e\u00edv\u00e1n\u00ed nebo nemo\u017enosti pou\u017e\u00edv\u00e1n\u00ed webov\u00fdch str\u00e1nek nebo jejich obsahu nebo v d\u016fsledku jejich podm\u00ednek, a to i v p\u0159\u00edpad\u011b, \u017ee spole\u010dnost YAMABIKO EUROPE byla o mo\u017enosti vzniku takov\u00fdch \u0161kod informov\u00e1na.<\/p>\n<p>Krom\u011b v\u00fd\u0161e uveden\u00fdch podm\u00ednek nem\u016f\u017ee b\u00fdt spole\u010dnost YAMABIKO EUROPE v \u017e\u00e1dn\u00e9m p\u0159\u00edpad\u011b \u010din\u011bna odpov\u011bdnou za jak\u00e9koli chyby, nep\u0159esnosti, opomenut\u00ed nebo jin\u00e9 nedostatky nebo za nespr\u00e1vn\u011b na\u010dasovan\u00e9 \u010di nespr\u00e1vn\u00e9 informace obsa\u017een\u00e9 na t\u011bchto webov\u00fdch str\u00e1nk\u00e1ch.<\/p>\n<p>Tato omezen\u00e1 odpov\u011bdnost se vztahuje i na v\u0161echny webov\u00e9 str\u00e1nky t\u0159et\u00edch stran.<\/p>\n<p><strong>12.       Rozhodn\u00e9 pr\u00e1vo<\/strong><\/p>\n<p>Tyto obecn\u00e9 podm\u00ednky pou\u017e\u00edv\u00e1n\u00ed se \u0159\u00edd\u00ed belgick\u00fdm pr\u00e1vem. P\u0159\u00edpadn\u00e9 spory t\u00fdkaj\u00edc\u00ed se jejich v\u00fdkladu a\/nebo prov\u00e1d\u011bn\u00ed budou \u0159e\u0161it p\u0159\u00edslu\u0161n\u00e9 soudy v jurisdikci Nivelles v Belgii.<\/p>\n<p><strong>13.       Kontakt<\/strong><\/p>\n<p>Spole\u010dnost YAMABIKO EUROPE m\u016f\u017eete kontaktovat ohledn\u011b t\u011bchto obecn\u00fdch podm\u00ednek pou\u017e\u00edv\u00e1n\u00ed na e-mailov\u00e9 adrese: <a href=\"mailto:dataprivacy@yamabiko.eu\">dataprivacy@yamabiko.eu<\/a> nebo pomoc\u00ed kontaktn\u00edho formul\u00e1\u0159e dostupn\u00e9ho na webu <a href=\"http:\/\/www.sospme.be\/\">www.belrobotics.com<\/a>.<\/p>\n<p><strong>14.       Vydavatel str\u00e1nek:<\/strong><\/p>\n<p>Vydavatel str\u00e1nek <a href=\"http:\/\/www.sospme.be\/\">www.belrobotics.com<\/a> je spole\u010dnost YAMABIKO EUROPE S.A. se s\u00eddlem na adrese Avenue Lavoisier 35, 1300 Wavre, Belgie, registrovan\u00e1 u Banque Carrefour des Entreprises pod registra\u010dn\u00edm \u010d\u00edslem B.C.E. 0477.194.468<\/p>\n<p><strong>15.       Hosting:<\/strong><\/p>\n<p>Web <a href=\"http:\/\/www.c-de-c.be\/\">www.belrobotics.com<\/a> je hostov\u00e1n spole\u010dnost\u00ed: INFOMANIAK<\/p>\n","protected":false},"excerpt":{"rendered":"<p>YAMABIKO EUROPE S.A. S\u00cdDLO SPOLE\u010cNOSTI: Avenue Lavoisier 35, 1300 Wavre, Belgie B.C.E. 0477.194.468 Telefon: +32 10 48 00 36 E-mail: dataprivacy@yamabiko.eu PODM\u00cdNKY POU\u017d\u00cdV\u00c1N\u00cd WEBOV\u00ddCH STR\u00c1NEK https:\/\/www.belrobotics.com &nbsp; 1.\u00a0\u00a0\u00a0\u00a0\u00a0\u00a0\u00a0\u00a0 \u00da\u010del webov\u00fdch str\u00e1nek a obecn\u00e9 podm\u00ednky pou\u017e\u00edv\u00e1n\u00ed Spole\u010dnost YAMABIKO EUROPE nab\u00edz\u00ed slu\u017eby v oblasti prodeje a \u00fadr\u017eby robotick\u00fdch seka\u010dek, n\u016f\u017eek na \u017eiv\u00e9 ploty, fukar\u016f na list\u00ed a [&hellip;]<\/p>\n","protected":false},"author":9,"featured_media":0,"parent":0,"menu_order":0,"comment_status":"closed","ping_status":"closed","template":"","meta":{"_acf_changed":false,"footnotes":""},"class_list":["post-18318","page","type-page","status-publish","hentry"],"acf":[],"yoast_head":"<!-- This site is optimized with the Yoast SEO plugin v26.9 - https:\/\/yoast.com\/product\/yoast-seo-wordpress\/ -->\n<title>Prohl\u00e1\u0161en\u00ed - Belrobotics<\/title>\n<meta name=\"robots\" content=\"index, follow, max-snippet:-1, max-image-preview:large, max-video-preview:-1\" \/>\n<link rel=\"canonical\" href=\"https:\/\/www.belrobotics.com\/cs\/prohlaseni\/\" \/>\n<meta property=\"og:locale\" content=\"cs_CZ\" \/>\n<meta property=\"og:type\" content=\"article\" \/>\n<meta property=\"og:title\" content=\"Prohl\u00e1\u0161en\u00ed - Belrobotics\" \/>\n<meta property=\"og:description\" content=\"YAMABIKO EUROPE S.A. S\u00cdDLO SPOLE\u010cNOSTI: Avenue Lavoisier 35, 1300 Wavre, Belgie B.C.E. 0477.194.468 Telefon: +32 10 48 00 36 E-mail: dataprivacy@yamabiko.eu PODM\u00cdNKY POU\u017d\u00cdV\u00c1N\u00cd WEBOV\u00ddCH STR\u00c1NEK https:\/\/www.belrobotics.com &nbsp; 1.\u00a0\u00a0\u00a0\u00a0\u00a0\u00a0\u00a0\u00a0 \u00da\u010del webov\u00fdch str\u00e1nek a obecn\u00e9 podm\u00ednky pou\u017e\u00edv\u00e1n\u00ed Spole\u010dnost YAMABIKO EUROPE nab\u00edz\u00ed slu\u017eby v oblasti prodeje a \u00fadr\u017eby robotick\u00fdch seka\u010dek, n\u016f\u017eek na \u017eiv\u00e9 ploty, fukar\u016f na list\u00ed a [&hellip;]\" \/>\n<meta property=\"og:url\" content=\"https:\/\/www.belrobotics.com\/cs\/prohlaseni\/\" \/>\n<meta property=\"og:site_name\" content=\"Belrobotics\" \/>\n<meta property=\"article:publisher\" content=\"https:\/\/www.facebook.com\/belrobotics\" \/>\n<meta name=\"twitter:card\" content=\"summary_large_image\" \/>\n<meta name=\"twitter:label1\" content=\"Odhadovan\u00e1 doba \u010dten\u00ed\" \/>\n\t<meta name=\"twitter:data1\" content=\"9 minut\" \/>\n<script type=\"application\/ld+json\" class=\"yoast-schema-graph\">{\"@context\":\"https:\/\/schema.org\",\"@graph\":[{\"@type\":\"WebPage\",\"@id\":\"https:\/\/www.belrobotics.com\/cs\/prohlaseni\/\",\"url\":\"https:\/\/www.belrobotics.com\/cs\/prohlaseni\/\",\"name\":\"Prohl\u00e1\u0161en\u00ed - Belrobotics\",\"isPartOf\":{\"@id\":\"https:\/\/www.belrobotics.com\/cs\/#website\"},\"datePublished\":\"2022-02-09T17:14:31+00:00\",\"breadcrumb\":{\"@id\":\"https:\/\/www.belrobotics.com\/cs\/prohlaseni\/#breadcrumb\"},\"inLanguage\":\"cs\",\"potentialAction\":[{\"@type\":\"ReadAction\",\"target\":[\"https:\/\/www.belrobotics.com\/cs\/prohlaseni\/\"]}]},{\"@type\":\"BreadcrumbList\",\"@id\":\"https:\/\/www.belrobotics.com\/cs\/prohlaseni\/#breadcrumb\",\"itemListElement\":[{\"@type\":\"ListItem\",\"position\":1,\"name\":\"Home\",\"item\":\"https:\/\/www.belrobotics.com\/cs\/\"},{\"@type\":\"ListItem\",\"position\":2,\"name\":\"Prohl\u00e1\u0161en\u00ed\"}]},{\"@type\":\"WebSite\",\"@id\":\"https:\/\/www.belrobotics.com\/cs\/#website\",\"url\":\"https:\/\/www.belrobotics.com\/cs\/\",\"name\":\"Belrobotics\",\"description\":\"The grass masters\",\"publisher\":{\"@id\":\"https:\/\/www.belrobotics.com\/cs\/#organization\"},\"potentialAction\":[{\"@type\":\"SearchAction\",\"target\":{\"@type\":\"EntryPoint\",\"urlTemplate\":\"https:\/\/www.belrobotics.com\/cs\/?s={search_term_string}\"},\"query-input\":{\"@type\":\"PropertyValueSpecification\",\"valueRequired\":true,\"valueName\":\"search_term_string\"}}],\"inLanguage\":\"cs\"},{\"@type\":\"Organization\",\"@id\":\"https:\/\/www.belrobotics.com\/cs\/#organization\",\"name\":\"Belrobotics\",\"url\":\"https:\/\/www.belrobotics.com\/cs\/\",\"logo\":{\"@type\":\"ImageObject\",\"inLanguage\":\"cs\",\"@id\":\"https:\/\/www.belrobotics.com\/cs\/#\/schema\/logo\/image\/\",\"url\":\"https:\/\/www.belrobotics.com\/wp-content\/uploads\/2019\/01\/logo-belrobotics.svg\",\"contentUrl\":\"https:\/\/www.belrobotics.com\/wp-content\/uploads\/2019\/01\/logo-belrobotics.svg\",\"width\":100,\"height\":16,\"caption\":\"Belrobotics\"},\"image\":{\"@id\":\"https:\/\/www.belrobotics.com\/cs\/#\/schema\/logo\/image\/\"},\"sameAs\":[\"https:\/\/www.facebook.com\/belrobotics\",\"https:\/\/www.youtube.com\/channel\/UCYgWBPRzEdXmUqLRL0JbUIw\",\"https:\/\/www.instagram.com\/belrobotics_europe\/\"]}]}<\/script>\n<!-- \/ Yoast SEO plugin. -->","yoast_head_json":{"title":"Prohl\u00e1\u0161en\u00ed - Belrobotics","robots":{"index":"index","follow":"follow","max-snippet":"max-snippet:-1","max-image-preview":"max-image-preview:large","max-video-preview":"max-video-preview:-1"},"canonical":"https:\/\/www.belrobotics.com\/cs\/prohlaseni\/","og_locale":"cs_CZ","og_type":"article","og_title":"Prohl\u00e1\u0161en\u00ed - Belrobotics","og_description":"YAMABIKO EUROPE S.A. S\u00cdDLO SPOLE\u010cNOSTI: Avenue Lavoisier 35, 1300 Wavre, Belgie B.C.E. 0477.194.468 Telefon: +32 10 48 00 36 E-mail: dataprivacy@yamabiko.eu PODM\u00cdNKY POU\u017d\u00cdV\u00c1N\u00cd WEBOV\u00ddCH STR\u00c1NEK https:\/\/www.belrobotics.com &nbsp; 1.\u00a0\u00a0\u00a0\u00a0\u00a0\u00a0\u00a0\u00a0 \u00da\u010del webov\u00fdch str\u00e1nek a obecn\u00e9 podm\u00ednky pou\u017e\u00edv\u00e1n\u00ed Spole\u010dnost YAMABIKO EUROPE nab\u00edz\u00ed slu\u017eby v oblasti prodeje a \u00fadr\u017eby robotick\u00fdch seka\u010dek, n\u016f\u017eek na \u017eiv\u00e9 ploty, fukar\u016f na list\u00ed a [&hellip;]","og_url":"https:\/\/www.belrobotics.com\/cs\/prohlaseni\/","og_site_name":"Belrobotics","article_publisher":"https:\/\/www.facebook.com\/belrobotics","twitter_card":"summary_large_image","twitter_misc":{"Odhadovan\u00e1 doba \u010dten\u00ed":"9 minut"},"schema":{"@context":"https:\/\/schema.org","@graph":[{"@type":"WebPage","@id":"https:\/\/www.belrobotics.com\/cs\/prohlaseni\/","url":"https:\/\/www.belrobotics.com\/cs\/prohlaseni\/","name":"Prohl\u00e1\u0161en\u00ed - Belrobotics","isPartOf":{"@id":"https:\/\/www.belrobotics.com\/cs\/#website"},"datePublished":"2022-02-09T17:14:31+00:00","breadcrumb":{"@id":"https:\/\/www.belrobotics.com\/cs\/prohlaseni\/#breadcrumb"},"inLanguage":"cs","potentialAction":[{"@type":"ReadAction","target":["https:\/\/www.belrobotics.com\/cs\/prohlaseni\/"]}]},{"@type":"BreadcrumbList","@id":"https:\/\/www.belrobotics.com\/cs\/prohlaseni\/#breadcrumb","itemListElement":[{"@type":"ListItem","position":1,"name":"Home","item":"https:\/\/www.belrobotics.com\/cs\/"},{"@type":"ListItem","position":2,"name":"Prohl\u00e1\u0161en\u00ed"}]},{"@type":"WebSite","@id":"https:\/\/www.belrobotics.com\/cs\/#website","url":"https:\/\/www.belrobotics.com\/cs\/","name":"Belrobotics","description":"The grass masters","publisher":{"@id":"https:\/\/www.belrobotics.com\/cs\/#organization"},"potentialAction":[{"@type":"SearchAction","target":{"@type":"EntryPoint","urlTemplate":"https:\/\/www.belrobotics.com\/cs\/?s={search_term_string}"},"query-input":{"@type":"PropertyValueSpecification","valueRequired":true,"valueName":"search_term_string"}}],"inLanguage":"cs"},{"@type":"Organization","@id":"https:\/\/www.belrobotics.com\/cs\/#organization","name":"Belrobotics","url":"https:\/\/www.belrobotics.com\/cs\/","logo":{"@type":"ImageObject","inLanguage":"cs","@id":"https:\/\/www.belrobotics.com\/cs\/#\/schema\/logo\/image\/","url":"https:\/\/www.belrobotics.com\/wp-content\/uploads\/2019\/01\/logo-belrobotics.svg","contentUrl":"https:\/\/www.belrobotics.com\/wp-content\/uploads\/2019\/01\/logo-belrobotics.svg","width":100,"height":16,"caption":"Belrobotics"},"image":{"@id":"https:\/\/www.belrobotics.com\/cs\/#\/schema\/logo\/image\/"},"sameAs":["https:\/\/www.facebook.com\/belrobotics","https:\/\/www.youtube.com\/channel\/UCYgWBPRzEdXmUqLRL0JbUIw","https:\/\/www.instagram.com\/belrobotics_europe\/"]}]}},"_links":{"self":[{"href":"https:\/\/www.belrobotics.com\/cs\/wp-json\/wp\/v2\/pages\/18318","targetHints":{"allow":["GET"]}}],"collection":[{"href":"https:\/\/www.belrobotics.com\/cs\/wp-json\/wp\/v2\/pages"}],"about":[{"href":"https:\/\/www.belrobotics.com\/cs\/wp-json\/wp\/v2\/types\/page"}],"author":[{"embeddable":true,"href":"https:\/\/www.belrobotics.com\/cs\/wp-json\/wp\/v2\/users\/9"}],"replies":[{"embeddable":true,"href":"https:\/\/www.belrobotics.com\/cs\/wp-json\/wp\/v2\/comments?post=18318"}],"version-history":[{"count":0,"href":"https:\/\/www.belrobotics.com\/cs\/wp-json\/wp\/v2\/pages\/18318\/revisions"}],"wp:attachment":[{"href":"https:\/\/www.belrobotics.com\/cs\/wp-json\/wp\/v2\/media?parent=18318"}],"curies":[{"name":"wp","href":"https:\/\/api.w.org\/{rel}","templated":true}]}}