{"id":18280,"date":"2022-02-09T17:02:11","date_gmt":"2022-02-09T16:02:11","guid":{"rendered":"https:\/\/belrobotics.andromede.digital\/sportovni-kluby\/"},"modified":"2022-02-17T18:13:23","modified_gmt":"2022-02-17T17:13:23","slug":"sportovni-kluby","status":"publish","type":"page","link":"https:\/\/www.belrobotics.com\/cs\/sportovni-kluby\/","title":{"rendered":"Sportovn\u00ed kluby"},"content":{"rendered":"<h2 class=\"h3\">Zlep\u0161ete kvalitu tr\u00e1vn\u00edku a kalibrujte hrac\u00ed podm\u00ednky<\/h2>\n<p>Bigmow je ide\u00e1ln\u00ed \u0159e\u0161en\u00ed pro sportovi\u0161t\u011b v jak\u00e9koli discipl\u00edn\u011b hran\u00e9 na tr\u00e1v\u011b. Stovky klub\u016f d\u00edky n\u00ed zv\u00fd\u0161ily kvalitu tr\u00e1vn\u00edku a dos\u00e1hly podstatn\u00e9 \u00faspory. Rovnom\u011brn\u00fd st\u0159ih, 3 &#8211; 5 se\u010den\u00ed t\u00fddn\u011b a \u00faspora 50 %. Zajist\u011bte \u0161pi\u010dkovou kondici h\u0159i\u0161t\u011b bez lidsk\u00e9ho z\u00e1sahu.<\/p>\n","protected":false},"excerpt":{"rendered":"<p>Zlep\u0161ete kvalitu tr\u00e1vn\u00edku a kalibrujte hrac\u00ed podm\u00ednky Bigmow je ide\u00e1ln\u00ed \u0159e\u0161en\u00ed pro sportovi\u0161t\u011b v jak\u00e9koli discipl\u00edn\u011b hran\u00e9 na tr\u00e1v\u011b. Stovky klub\u016f d\u00edky n\u00ed zv\u00fd\u0161ily kvalitu tr\u00e1vn\u00edku a dos\u00e1hly podstatn\u00e9 \u00faspory. Rovnom\u011brn\u00fd st\u0159ih, 3 &#8211; 5 se\u010den\u00ed t\u00fddn\u011b a \u00faspora 50 %. Zajist\u011bte \u0161pi\u010dkovou kondici h\u0159i\u0161t\u011b bez lidsk\u00e9ho z\u00e1sahu.<\/p>\n","protected":false},"author":9,"featured_media":15340,"parent":0,"menu_order":0,"comment_status":"closed","ping_status":"closed","template":"utilisation.php","meta":{"_acf_changed":false,"footnotes":""},"class_list":["post-18280","page","type-page","status-publish","has-post-thumbnail","hentry"],"acf":[],"yoast_head":"<!-- This site is optimized with the Yoast SEO plugin v26.9 - https:\/\/yoast.com\/product\/yoast-seo-wordpress\/ -->\n<title>Seka\u010dky sportovn\u00edch h\u0159i\u0161\u0165 | Robotick\u00e1 seka\u010dka - Belrobotics<\/title>\n<meta name=\"description\" content=\"Bigmow je ide\u00e1ln\u00ed robotick\u00e1 seka\u010dka pro va\u0161e sportovi\u0161t\u011b v jak\u00e9koli discipl\u00edn\u011b. Pou\u017e\u00edvaj\u00ed ji ji\u017e stovky klub\u016f!\" \/>\n<meta name=\"robots\" content=\"index, follow, max-snippet:-1, max-image-preview:large, max-video-preview:-1\" \/>\n<link rel=\"canonical\" href=\"https:\/\/www.belrobotics.com\/cs\/sportovni-kluby\/\" \/>\n<meta property=\"og:locale\" content=\"cs_CZ\" \/>\n<meta property=\"og:type\" content=\"article\" \/>\n<meta property=\"og:title\" content=\"Seka\u010dky sportovn\u00edch h\u0159i\u0161\u0165 | Robotick\u00e1 seka\u010dka - Belrobotics\" \/>\n<meta property=\"og:description\" content=\"Bigmow je ide\u00e1ln\u00ed robotick\u00e1 seka\u010dka pro va\u0161e sportovi\u0161t\u011b v jak\u00e9koli discipl\u00edn\u011b. Pou\u017e\u00edvaj\u00ed ji ji\u017e stovky klub\u016f!\" \/>\n<meta property=\"og:url\" content=\"https:\/\/www.belrobotics.com\/cs\/sportovni-kluby\/\" \/>\n<meta property=\"og:site_name\" content=\"Belrobotics\" \/>\n<meta property=\"article:publisher\" content=\"https:\/\/www.facebook.com\/belrobotics\" \/>\n<meta property=\"article:modified_time\" content=\"2022-02-17T17:13:23+00:00\" \/>\n<meta property=\"og:image\" content=\"https:\/\/www.belrobotics.com\/wp-content\/uploads\/2019\/01\/big-mow-action-2-1.jpg\" \/>\n\t<meta property=\"og:image:width\" content=\"2251\" \/>\n\t<meta property=\"og:image:height\" content=\"1745\" \/>\n\t<meta property=\"og:image:type\" content=\"image\/jpeg\" \/>\n<meta name=\"twitter:card\" content=\"summary_large_image\" \/>\n<script type=\"application\/ld+json\" class=\"yoast-schema-graph\">{\"@context\":\"https:\/\/schema.org\",\"@graph\":[{\"@type\":\"WebPage\",\"@id\":\"https:\/\/www.belrobotics.com\/cs\/sportovni-kluby\/\",\"url\":\"https:\/\/www.belrobotics.com\/cs\/sportovni-kluby\/\",\"name\":\"Seka\u010dky sportovn\u00edch h\u0159i\u0161\u0165 | Robotick\u00e1 seka\u010dka - Belrobotics\",\"isPartOf\":{\"@id\":\"https:\/\/www.belrobotics.com\/cs\/#website\"},\"primaryImageOfPage\":{\"@id\":\"https:\/\/www.belrobotics.com\/cs\/sportovni-kluby\/#primaryimage\"},\"image\":{\"@id\":\"https:\/\/www.belrobotics.com\/cs\/sportovni-kluby\/#primaryimage\"},\"thumbnailUrl\":\"https:\/\/www.belrobotics.com\/wp-content\/uploads\/2019\/01\/big-mow-action-2-1.jpg\",\"datePublished\":\"2022-02-09T16:02:11+00:00\",\"dateModified\":\"2022-02-17T17:13:23+00:00\",\"description\":\"Bigmow je ide\u00e1ln\u00ed robotick\u00e1 seka\u010dka pro va\u0161e sportovi\u0161t\u011b v jak\u00e9koli discipl\u00edn\u011b. Pou\u017e\u00edvaj\u00ed ji ji\u017e stovky klub\u016f!\",\"breadcrumb\":{\"@id\":\"https:\/\/www.belrobotics.com\/cs\/sportovni-kluby\/#breadcrumb\"},\"inLanguage\":\"cs\",\"potentialAction\":[{\"@type\":\"ReadAction\",\"target\":[\"https:\/\/www.belrobotics.com\/cs\/sportovni-kluby\/\"]}]},{\"@type\":\"ImageObject\",\"inLanguage\":\"cs\",\"@id\":\"https:\/\/www.belrobotics.com\/cs\/sportovni-kluby\/#primaryimage\",\"url\":\"https:\/\/www.belrobotics.com\/wp-content\/uploads\/2019\/01\/big-mow-action-2-1.jpg\",\"contentUrl\":\"https:\/\/www.belrobotics.com\/wp-content\/uploads\/2019\/01\/big-mow-action-2-1.jpg\",\"width\":2251,\"height\":1745},{\"@type\":\"BreadcrumbList\",\"@id\":\"https:\/\/www.belrobotics.com\/cs\/sportovni-kluby\/#breadcrumb\",\"itemListElement\":[{\"@type\":\"ListItem\",\"position\":1,\"name\":\"Home\",\"item\":\"https:\/\/www.belrobotics.com\/cs\/\"},{\"@type\":\"ListItem\",\"position\":2,\"name\":\"Sportovn\u00ed kluby\"}]},{\"@type\":\"WebSite\",\"@id\":\"https:\/\/www.belrobotics.com\/cs\/#website\",\"url\":\"https:\/\/www.belrobotics.com\/cs\/\",\"name\":\"Belrobotics\",\"description\":\"The grass masters\",\"publisher\":{\"@id\":\"https:\/\/www.belrobotics.com\/cs\/#organization\"},\"potentialAction\":[{\"@type\":\"SearchAction\",\"target\":{\"@type\":\"EntryPoint\",\"urlTemplate\":\"https:\/\/www.belrobotics.com\/cs\/?s={search_term_string}\"},\"query-input\":{\"@type\":\"PropertyValueSpecification\",\"valueRequired\":true,\"valueName\":\"search_term_string\"}}],\"inLanguage\":\"cs\"},{\"@type\":\"Organization\",\"@id\":\"https:\/\/www.belrobotics.com\/cs\/#organization\",\"name\":\"Belrobotics\",\"url\":\"https:\/\/www.belrobotics.com\/cs\/\",\"logo\":{\"@type\":\"ImageObject\",\"inLanguage\":\"cs\",\"@id\":\"https:\/\/www.belrobotics.com\/cs\/#\/schema\/logo\/image\/\",\"url\":\"https:\/\/www.belrobotics.com\/wp-content\/uploads\/2019\/01\/logo-belrobotics.svg\",\"contentUrl\":\"https:\/\/www.belrobotics.com\/wp-content\/uploads\/2019\/01\/logo-belrobotics.svg\",\"width\":100,\"height\":16,\"caption\":\"Belrobotics\"},\"image\":{\"@id\":\"https:\/\/www.belrobotics.com\/cs\/#\/schema\/logo\/image\/\"},\"sameAs\":[\"https:\/\/www.facebook.com\/belrobotics\",\"https:\/\/www.youtube.com\/channel\/UCYgWBPRzEdXmUqLRL0JbUIw\",\"https:\/\/www.instagram.com\/belrobotics_europe\/\"]}]}<\/script>\n<!-- \/ Yoast SEO plugin. -->","yoast_head_json":{"title":"Seka\u010dky sportovn\u00edch h\u0159i\u0161\u0165 | Robotick\u00e1 seka\u010dka - Belrobotics","description":"Bigmow je ide\u00e1ln\u00ed robotick\u00e1 seka\u010dka pro va\u0161e sportovi\u0161t\u011b v jak\u00e9koli discipl\u00edn\u011b. Pou\u017e\u00edvaj\u00ed ji ji\u017e stovky klub\u016f!","robots":{"index":"index","follow":"follow","max-snippet":"max-snippet:-1","max-image-preview":"max-image-preview:large","max-video-preview":"max-video-preview:-1"},"canonical":"https:\/\/www.belrobotics.com\/cs\/sportovni-kluby\/","og_locale":"cs_CZ","og_type":"article","og_title":"Seka\u010dky sportovn\u00edch h\u0159i\u0161\u0165 | Robotick\u00e1 seka\u010dka - Belrobotics","og_description":"Bigmow je ide\u00e1ln\u00ed robotick\u00e1 seka\u010dka pro va\u0161e sportovi\u0161t\u011b v jak\u00e9koli discipl\u00edn\u011b. Pou\u017e\u00edvaj\u00ed ji ji\u017e stovky klub\u016f!","og_url":"https:\/\/www.belrobotics.com\/cs\/sportovni-kluby\/","og_site_name":"Belrobotics","article_publisher":"https:\/\/www.facebook.com\/belrobotics","article_modified_time":"2022-02-17T17:13:23+00:00","og_image":[{"width":2251,"height":1745,"url":"https:\/\/www.belrobotics.com\/wp-content\/uploads\/2019\/01\/big-mow-action-2-1.jpg","type":"image\/jpeg"}],"twitter_card":"summary_large_image","schema":{"@context":"https:\/\/schema.org","@graph":[{"@type":"WebPage","@id":"https:\/\/www.belrobotics.com\/cs\/sportovni-kluby\/","url":"https:\/\/www.belrobotics.com\/cs\/sportovni-kluby\/","name":"Seka\u010dky sportovn\u00edch h\u0159i\u0161\u0165 | Robotick\u00e1 seka\u010dka - Belrobotics","isPartOf":{"@id":"https:\/\/www.belrobotics.com\/cs\/#website"},"primaryImageOfPage":{"@id":"https:\/\/www.belrobotics.com\/cs\/sportovni-kluby\/#primaryimage"},"image":{"@id":"https:\/\/www.belrobotics.com\/cs\/sportovni-kluby\/#primaryimage"},"thumbnailUrl":"https:\/\/www.belrobotics.com\/wp-content\/uploads\/2019\/01\/big-mow-action-2-1.jpg","datePublished":"2022-02-09T16:02:11+00:00","dateModified":"2022-02-17T17:13:23+00:00","description":"Bigmow je ide\u00e1ln\u00ed robotick\u00e1 seka\u010dka pro va\u0161e sportovi\u0161t\u011b v jak\u00e9koli discipl\u00edn\u011b. Pou\u017e\u00edvaj\u00ed ji ji\u017e stovky klub\u016f!","breadcrumb":{"@id":"https:\/\/www.belrobotics.com\/cs\/sportovni-kluby\/#breadcrumb"},"inLanguage":"cs","potentialAction":[{"@type":"ReadAction","target":["https:\/\/www.belrobotics.com\/cs\/sportovni-kluby\/"]}]},{"@type":"ImageObject","inLanguage":"cs","@id":"https:\/\/www.belrobotics.com\/cs\/sportovni-kluby\/#primaryimage","url":"https:\/\/www.belrobotics.com\/wp-content\/uploads\/2019\/01\/big-mow-action-2-1.jpg","contentUrl":"https:\/\/www.belrobotics.com\/wp-content\/uploads\/2019\/01\/big-mow-action-2-1.jpg","width":2251,"height":1745},{"@type":"BreadcrumbList","@id":"https:\/\/www.belrobotics.com\/cs\/sportovni-kluby\/#breadcrumb","itemListElement":[{"@type":"ListItem","position":1,"name":"Home","item":"https:\/\/www.belrobotics.com\/cs\/"},{"@type":"ListItem","position":2,"name":"Sportovn\u00ed kluby"}]},{"@type":"WebSite","@id":"https:\/\/www.belrobotics.com\/cs\/#website","url":"https:\/\/www.belrobotics.com\/cs\/","name":"Belrobotics","description":"The grass masters","publisher":{"@id":"https:\/\/www.belrobotics.com\/cs\/#organization"},"potentialAction":[{"@type":"SearchAction","target":{"@type":"EntryPoint","urlTemplate":"https:\/\/www.belrobotics.com\/cs\/?s={search_term_string}"},"query-input":{"@type":"PropertyValueSpecification","valueRequired":true,"valueName":"search_term_string"}}],"inLanguage":"cs"},{"@type":"Organization","@id":"https:\/\/www.belrobotics.com\/cs\/#organization","name":"Belrobotics","url":"https:\/\/www.belrobotics.com\/cs\/","logo":{"@type":"ImageObject","inLanguage":"cs","@id":"https:\/\/www.belrobotics.com\/cs\/#\/schema\/logo\/image\/","url":"https:\/\/www.belrobotics.com\/wp-content\/uploads\/2019\/01\/logo-belrobotics.svg","contentUrl":"https:\/\/www.belrobotics.com\/wp-content\/uploads\/2019\/01\/logo-belrobotics.svg","width":100,"height":16,"caption":"Belrobotics"},"image":{"@id":"https:\/\/www.belrobotics.com\/cs\/#\/schema\/logo\/image\/"},"sameAs":["https:\/\/www.facebook.com\/belrobotics","https:\/\/www.youtube.com\/channel\/UCYgWBPRzEdXmUqLRL0JbUIw","https:\/\/www.instagram.com\/belrobotics_europe\/"]}]}},"_links":{"self":[{"href":"https:\/\/www.belrobotics.com\/cs\/wp-json\/wp\/v2\/pages\/18280","targetHints":{"allow":["GET"]}}],"collection":[{"href":"https:\/\/www.belrobotics.com\/cs\/wp-json\/wp\/v2\/pages"}],"about":[{"href":"https:\/\/www.belrobotics.com\/cs\/wp-json\/wp\/v2\/types\/page"}],"author":[{"embeddable":true,"href":"https:\/\/www.belrobotics.com\/cs\/wp-json\/wp\/v2\/users\/9"}],"replies":[{"embeddable":true,"href":"https:\/\/www.belrobotics.com\/cs\/wp-json\/wp\/v2\/comments?post=18280"}],"version-history":[{"count":0,"href":"https:\/\/www.belrobotics.com\/cs\/wp-json\/wp\/v2\/pages\/18280\/revisions"}],"wp:featuredmedia":[{"embeddable":true,"href":"https:\/\/www.belrobotics.com\/cs\/wp-json\/wp\/v2\/media\/15340"}],"wp:attachment":[{"href":"https:\/\/www.belrobotics.com\/cs\/wp-json\/wp\/v2\/media?parent=18280"}],"curies":[{"name":"wp","href":"https:\/\/api.w.org\/{rel}","templated":true}]}}