{"id":18276,"date":"2022-02-09T16:55:37","date_gmt":"2022-02-09T15:55:37","guid":{"rendered":"https:\/\/belrobotics.andromede.digital\/fotbalove-kluby\/"},"modified":"2023-07-06T08:51:50","modified_gmt":"2023-07-06T07:51:50","slug":"fotbalove-kluby","status":"publish","type":"page","link":"https:\/\/www.belrobotics.com\/cs\/fotbalove-kluby\/","title":{"rendered":"Fotbalov\u00e9 kluby"},"content":{"rendered":"<h2 class=\"h3\">Kdy\u017e fotbal vy\u017eaduje bezvadn\u00fd hrac\u00ed povrch<\/h2>\n<p>Bigmow je partnerem klub\u016f v UEFA Champions League. Rovnom\u011brn\u00fd st\u0159ih, 3 &#8211; 5 se\u010den\u00ed t\u00fddn\u011b a \u00faspora 50 %. Va\u0161e sportovn\u00ed h\u0159i\u0161t\u011b bude ve \u0161pi\u010dkov\u00e9 kondici bez lidsk\u00e9ho z\u00e1sahu.<\/p>\n","protected":false},"excerpt":{"rendered":"<p>Kdy\u017e fotbal vy\u017eaduje bezvadn\u00fd hrac\u00ed povrch Bigmow je partnerem klub\u016f v UEFA Champions League. Rovnom\u011brn\u00fd st\u0159ih, 3 &#8211; 5 se\u010den\u00ed t\u00fddn\u011b a \u00faspora 50 %. Va\u0161e sportovn\u00ed h\u0159i\u0161t\u011b bude ve \u0161pi\u010dkov\u00e9 kondici bez lidsk\u00e9ho z\u00e1sahu.<\/p>\n","protected":false},"author":9,"featured_media":15340,"parent":0,"menu_order":0,"comment_status":"closed","ping_status":"closed","template":"utilisation.php","meta":{"_acf_changed":false,"footnotes":""},"class_list":["post-18276","page","type-page","status-publish","has-post-thumbnail","hentry"],"acf":[],"yoast_head":"<!-- This site is optimized with the Yoast SEO plugin v26.9 - https:\/\/yoast.com\/product\/yoast-seo-wordpress\/ -->\n<title>Nejlep\u0161\u00ed seka\u010dka pro fotbalov\u00e9 h\u0159i\u0161t\u011b - Belrobotics<\/title>\n<meta name=\"description\" content=\"Se seka\u010dkou Bigmow, kter\u00e1 je partnerem klub\u016f v UEFA Champions League, bude va\u0161e sportovn\u00ed h\u0159i\u0161t\u011b ve \u0161pi\u010dkov\u00e9 kondici bez lidsk\u00e9ho z\u00e1sahu a s 50% \u00fasporou n\u00e1klad\u016f!\" \/>\n<meta name=\"robots\" content=\"index, follow, max-snippet:-1, max-image-preview:large, max-video-preview:-1\" \/>\n<link rel=\"canonical\" href=\"https:\/\/www.belrobotics.com\/cs\/fotbalove-kluby\/\" \/>\n<meta property=\"og:locale\" content=\"cs_CZ\" \/>\n<meta property=\"og:type\" content=\"article\" \/>\n<meta property=\"og:title\" content=\"Nejlep\u0161\u00ed seka\u010dka pro fotbalov\u00e9 h\u0159i\u0161t\u011b - Belrobotics\" \/>\n<meta property=\"og:description\" content=\"Se seka\u010dkou Bigmow, kter\u00e1 je partnerem klub\u016f v UEFA Champions League, bude va\u0161e sportovn\u00ed h\u0159i\u0161t\u011b ve \u0161pi\u010dkov\u00e9 kondici bez lidsk\u00e9ho z\u00e1sahu a s 50% \u00fasporou n\u00e1klad\u016f!\" \/>\n<meta property=\"og:url\" content=\"https:\/\/www.belrobotics.com\/cs\/fotbalove-kluby\/\" \/>\n<meta property=\"og:site_name\" content=\"Belrobotics\" \/>\n<meta property=\"article:publisher\" content=\"https:\/\/www.facebook.com\/belrobotics\" \/>\n<meta property=\"article:modified_time\" content=\"2023-07-06T07:51:50+00:00\" \/>\n<meta property=\"og:image\" content=\"https:\/\/www.belrobotics.com\/wp-content\/uploads\/2019\/01\/big-mow-action-2-1.jpg\" \/>\n\t<meta property=\"og:image:width\" content=\"2251\" \/>\n\t<meta property=\"og:image:height\" content=\"1745\" \/>\n\t<meta property=\"og:image:type\" content=\"image\/jpeg\" \/>\n<meta name=\"twitter:card\" content=\"summary_large_image\" \/>\n<meta name=\"twitter:label1\" content=\"Odhadovan\u00e1 doba \u010dten\u00ed\" \/>\n\t<meta name=\"twitter:data1\" content=\"1 minuta\" \/>\n<script type=\"application\/ld+json\" class=\"yoast-schema-graph\">{\"@context\":\"https:\/\/schema.org\",\"@graph\":[{\"@type\":\"WebPage\",\"@id\":\"https:\/\/www.belrobotics.com\/cs\/fotbalove-kluby\/\",\"url\":\"https:\/\/www.belrobotics.com\/cs\/fotbalove-kluby\/\",\"name\":\"Nejlep\u0161\u00ed seka\u010dka pro fotbalov\u00e9 h\u0159i\u0161t\u011b - Belrobotics\",\"isPartOf\":{\"@id\":\"https:\/\/www.belrobotics.com\/cs\/#website\"},\"primaryImageOfPage\":{\"@id\":\"https:\/\/www.belrobotics.com\/cs\/fotbalove-kluby\/#primaryimage\"},\"image\":{\"@id\":\"https:\/\/www.belrobotics.com\/cs\/fotbalove-kluby\/#primaryimage\"},\"thumbnailUrl\":\"https:\/\/www.belrobotics.com\/wp-content\/uploads\/2019\/01\/big-mow-action-2-1.jpg\",\"datePublished\":\"2022-02-09T15:55:37+00:00\",\"dateModified\":\"2023-07-06T07:51:50+00:00\",\"description\":\"Se seka\u010dkou Bigmow, kter\u00e1 je partnerem klub\u016f v UEFA Champions League, bude va\u0161e sportovn\u00ed h\u0159i\u0161t\u011b ve \u0161pi\u010dkov\u00e9 kondici bez lidsk\u00e9ho z\u00e1sahu a s 50% \u00fasporou n\u00e1klad\u016f!\",\"breadcrumb\":{\"@id\":\"https:\/\/www.belrobotics.com\/cs\/fotbalove-kluby\/#breadcrumb\"},\"inLanguage\":\"cs\",\"potentialAction\":[{\"@type\":\"ReadAction\",\"target\":[\"https:\/\/www.belrobotics.com\/cs\/fotbalove-kluby\/\"]}]},{\"@type\":\"ImageObject\",\"inLanguage\":\"cs\",\"@id\":\"https:\/\/www.belrobotics.com\/cs\/fotbalove-kluby\/#primaryimage\",\"url\":\"https:\/\/www.belrobotics.com\/wp-content\/uploads\/2019\/01\/big-mow-action-2-1.jpg\",\"contentUrl\":\"https:\/\/www.belrobotics.com\/wp-content\/uploads\/2019\/01\/big-mow-action-2-1.jpg\",\"width\":2251,\"height\":1745},{\"@type\":\"BreadcrumbList\",\"@id\":\"https:\/\/www.belrobotics.com\/cs\/fotbalove-kluby\/#breadcrumb\",\"itemListElement\":[{\"@type\":\"ListItem\",\"position\":1,\"name\":\"Home\",\"item\":\"https:\/\/www.belrobotics.com\/cs\/\"},{\"@type\":\"ListItem\",\"position\":2,\"name\":\"Fotbalov\u00e9 kluby\"}]},{\"@type\":\"WebSite\",\"@id\":\"https:\/\/www.belrobotics.com\/cs\/#website\",\"url\":\"https:\/\/www.belrobotics.com\/cs\/\",\"name\":\"Belrobotics\",\"description\":\"The grass masters\",\"publisher\":{\"@id\":\"https:\/\/www.belrobotics.com\/cs\/#organization\"},\"potentialAction\":[{\"@type\":\"SearchAction\",\"target\":{\"@type\":\"EntryPoint\",\"urlTemplate\":\"https:\/\/www.belrobotics.com\/cs\/?s={search_term_string}\"},\"query-input\":{\"@type\":\"PropertyValueSpecification\",\"valueRequired\":true,\"valueName\":\"search_term_string\"}}],\"inLanguage\":\"cs\"},{\"@type\":\"Organization\",\"@id\":\"https:\/\/www.belrobotics.com\/cs\/#organization\",\"name\":\"Belrobotics\",\"url\":\"https:\/\/www.belrobotics.com\/cs\/\",\"logo\":{\"@type\":\"ImageObject\",\"inLanguage\":\"cs\",\"@id\":\"https:\/\/www.belrobotics.com\/cs\/#\/schema\/logo\/image\/\",\"url\":\"https:\/\/www.belrobotics.com\/wp-content\/uploads\/2019\/01\/logo-belrobotics.svg\",\"contentUrl\":\"https:\/\/www.belrobotics.com\/wp-content\/uploads\/2019\/01\/logo-belrobotics.svg\",\"width\":100,\"height\":16,\"caption\":\"Belrobotics\"},\"image\":{\"@id\":\"https:\/\/www.belrobotics.com\/cs\/#\/schema\/logo\/image\/\"},\"sameAs\":[\"https:\/\/www.facebook.com\/belrobotics\",\"https:\/\/www.youtube.com\/channel\/UCYgWBPRzEdXmUqLRL0JbUIw\",\"https:\/\/www.instagram.com\/belrobotics_europe\/\"]}]}<\/script>\n<!-- \/ Yoast SEO plugin. -->","yoast_head_json":{"title":"Nejlep\u0161\u00ed seka\u010dka pro fotbalov\u00e9 h\u0159i\u0161t\u011b - Belrobotics","description":"Se seka\u010dkou Bigmow, kter\u00e1 je partnerem klub\u016f v UEFA Champions League, bude va\u0161e sportovn\u00ed h\u0159i\u0161t\u011b ve \u0161pi\u010dkov\u00e9 kondici bez lidsk\u00e9ho z\u00e1sahu a s 50% \u00fasporou n\u00e1klad\u016f!","robots":{"index":"index","follow":"follow","max-snippet":"max-snippet:-1","max-image-preview":"max-image-preview:large","max-video-preview":"max-video-preview:-1"},"canonical":"https:\/\/www.belrobotics.com\/cs\/fotbalove-kluby\/","og_locale":"cs_CZ","og_type":"article","og_title":"Nejlep\u0161\u00ed seka\u010dka pro fotbalov\u00e9 h\u0159i\u0161t\u011b - Belrobotics","og_description":"Se seka\u010dkou Bigmow, kter\u00e1 je partnerem klub\u016f v UEFA Champions League, bude va\u0161e sportovn\u00ed h\u0159i\u0161t\u011b ve \u0161pi\u010dkov\u00e9 kondici bez lidsk\u00e9ho z\u00e1sahu a s 50% \u00fasporou n\u00e1klad\u016f!","og_url":"https:\/\/www.belrobotics.com\/cs\/fotbalove-kluby\/","og_site_name":"Belrobotics","article_publisher":"https:\/\/www.facebook.com\/belrobotics","article_modified_time":"2023-07-06T07:51:50+00:00","og_image":[{"width":2251,"height":1745,"url":"https:\/\/www.belrobotics.com\/wp-content\/uploads\/2019\/01\/big-mow-action-2-1.jpg","type":"image\/jpeg"}],"twitter_card":"summary_large_image","twitter_misc":{"Odhadovan\u00e1 doba \u010dten\u00ed":"1 minuta"},"schema":{"@context":"https:\/\/schema.org","@graph":[{"@type":"WebPage","@id":"https:\/\/www.belrobotics.com\/cs\/fotbalove-kluby\/","url":"https:\/\/www.belrobotics.com\/cs\/fotbalove-kluby\/","name":"Nejlep\u0161\u00ed seka\u010dka pro fotbalov\u00e9 h\u0159i\u0161t\u011b - Belrobotics","isPartOf":{"@id":"https:\/\/www.belrobotics.com\/cs\/#website"},"primaryImageOfPage":{"@id":"https:\/\/www.belrobotics.com\/cs\/fotbalove-kluby\/#primaryimage"},"image":{"@id":"https:\/\/www.belrobotics.com\/cs\/fotbalove-kluby\/#primaryimage"},"thumbnailUrl":"https:\/\/www.belrobotics.com\/wp-content\/uploads\/2019\/01\/big-mow-action-2-1.jpg","datePublished":"2022-02-09T15:55:37+00:00","dateModified":"2023-07-06T07:51:50+00:00","description":"Se seka\u010dkou Bigmow, kter\u00e1 je partnerem klub\u016f v UEFA Champions League, bude va\u0161e sportovn\u00ed h\u0159i\u0161t\u011b ve \u0161pi\u010dkov\u00e9 kondici bez lidsk\u00e9ho z\u00e1sahu a s 50% \u00fasporou n\u00e1klad\u016f!","breadcrumb":{"@id":"https:\/\/www.belrobotics.com\/cs\/fotbalove-kluby\/#breadcrumb"},"inLanguage":"cs","potentialAction":[{"@type":"ReadAction","target":["https:\/\/www.belrobotics.com\/cs\/fotbalove-kluby\/"]}]},{"@type":"ImageObject","inLanguage":"cs","@id":"https:\/\/www.belrobotics.com\/cs\/fotbalove-kluby\/#primaryimage","url":"https:\/\/www.belrobotics.com\/wp-content\/uploads\/2019\/01\/big-mow-action-2-1.jpg","contentUrl":"https:\/\/www.belrobotics.com\/wp-content\/uploads\/2019\/01\/big-mow-action-2-1.jpg","width":2251,"height":1745},{"@type":"BreadcrumbList","@id":"https:\/\/www.belrobotics.com\/cs\/fotbalove-kluby\/#breadcrumb","itemListElement":[{"@type":"ListItem","position":1,"name":"Home","item":"https:\/\/www.belrobotics.com\/cs\/"},{"@type":"ListItem","position":2,"name":"Fotbalov\u00e9 kluby"}]},{"@type":"WebSite","@id":"https:\/\/www.belrobotics.com\/cs\/#website","url":"https:\/\/www.belrobotics.com\/cs\/","name":"Belrobotics","description":"The grass masters","publisher":{"@id":"https:\/\/www.belrobotics.com\/cs\/#organization"},"potentialAction":[{"@type":"SearchAction","target":{"@type":"EntryPoint","urlTemplate":"https:\/\/www.belrobotics.com\/cs\/?s={search_term_string}"},"query-input":{"@type":"PropertyValueSpecification","valueRequired":true,"valueName":"search_term_string"}}],"inLanguage":"cs"},{"@type":"Organization","@id":"https:\/\/www.belrobotics.com\/cs\/#organization","name":"Belrobotics","url":"https:\/\/www.belrobotics.com\/cs\/","logo":{"@type":"ImageObject","inLanguage":"cs","@id":"https:\/\/www.belrobotics.com\/cs\/#\/schema\/logo\/image\/","url":"https:\/\/www.belrobotics.com\/wp-content\/uploads\/2019\/01\/logo-belrobotics.svg","contentUrl":"https:\/\/www.belrobotics.com\/wp-content\/uploads\/2019\/01\/logo-belrobotics.svg","width":100,"height":16,"caption":"Belrobotics"},"image":{"@id":"https:\/\/www.belrobotics.com\/cs\/#\/schema\/logo\/image\/"},"sameAs":["https:\/\/www.facebook.com\/belrobotics","https:\/\/www.youtube.com\/channel\/UCYgWBPRzEdXmUqLRL0JbUIw","https:\/\/www.instagram.com\/belrobotics_europe\/"]}]}},"_links":{"self":[{"href":"https:\/\/www.belrobotics.com\/cs\/wp-json\/wp\/v2\/pages\/18276","targetHints":{"allow":["GET"]}}],"collection":[{"href":"https:\/\/www.belrobotics.com\/cs\/wp-json\/wp\/v2\/pages"}],"about":[{"href":"https:\/\/www.belrobotics.com\/cs\/wp-json\/wp\/v2\/types\/page"}],"author":[{"embeddable":true,"href":"https:\/\/www.belrobotics.com\/cs\/wp-json\/wp\/v2\/users\/9"}],"replies":[{"embeddable":true,"href":"https:\/\/www.belrobotics.com\/cs\/wp-json\/wp\/v2\/comments?post=18276"}],"version-history":[{"count":1,"href":"https:\/\/www.belrobotics.com\/cs\/wp-json\/wp\/v2\/pages\/18276\/revisions"}],"predecessor-version":[{"id":25267,"href":"https:\/\/www.belrobotics.com\/cs\/wp-json\/wp\/v2\/pages\/18276\/revisions\/25267"}],"wp:featuredmedia":[{"embeddable":true,"href":"https:\/\/www.belrobotics.com\/cs\/wp-json\/wp\/v2\/media\/15340"}],"wp:attachment":[{"href":"https:\/\/www.belrobotics.com\/cs\/wp-json\/wp\/v2\/media?parent=18276"}],"curies":[{"name":"wp","href":"https:\/\/api.w.org\/{rel}","templated":true}]}}