{"id":14393,"date":"2021-11-30T12:29:30","date_gmt":"2021-11-30T11:29:30","guid":{"rendered":"http:\/\/belrobotics2.local\/rtk-strip-pattern-mowing\/"},"modified":"2023-05-16T11:01:10","modified_gmt":"2023-05-16T10:01:10","slug":"gps-rtk","status":"publish","type":"page","link":"https:\/\/www.belrobotics.com\/cs\/gps-rtk\/","title":{"rendered":"RTK: Se\u010den\u00ed s po\u017eadovan\u00fdm vzorem"},"content":{"rendered":"<h2 class=\"h3\">Pro n\u00e1ro\u010dn\u00e9 profesion\u00e1ly<\/h2>\n<p>Star\u00e1te se o zelen\u00e9 plochy pro firmu nebo ve\u0159ejn\u00fd subjekt? Spravujete sportovn\u00ed are\u00e1l? Objevte novou technologii, kter\u00e1 podpo\u0159\u00ed va\u0161e c\u00edle a image. Va\u0161e robotick\u00e9 seka\u010dky jsou nyn\u00ed nav\u00e1d\u011bny pomoc\u00ed GPS &#8211; RTK a dok\u00e1\u017eou sekat v p\u0159esn\u00fdch pruz\u00edch.<\/p>\n<h2 class=\"h3\">Nov\u00e1 integrovan\u00e1 technologie GPS<\/h2>\n<p>Vy\u017eaduje v\u00e1\u0161 pozemek velmi p\u0159esn\u00e9 se\u010den\u00ed? Pot\u0159ebujete zvl\u00e1dnout stejnou plochu za krat\u0161\u00ed dobu? Nov\u00e1 generace robotick\u00fdch seka\u010dek je \u0159\u00edzen\u00e1 pomoc\u00ed technologie GPS &#8211; RTK. Nab\u00edz\u00ed se\u010den\u00ed s po\u017eadovan\u00fdm vzorem pomoc\u00ed technologie RTK (real-time kinematic). V\u00fdsledek: Lep\u0161\u00ed slu\u017eby, lep\u0161\u00ed u\u017eivatelsk\u00fd komfort a atraktivn\u00ed posekan\u00fd vzor.<\/p>\n","protected":false},"excerpt":{"rendered":"<p>Pro n\u00e1ro\u010dn\u00e9 profesion\u00e1ly Star\u00e1te se o zelen\u00e9 plochy pro firmu nebo ve\u0159ejn\u00fd subjekt? Spravujete sportovn\u00ed are\u00e1l? Objevte novou technologii, kter\u00e1 podpo\u0159\u00ed va\u0161e c\u00edle a image. Va\u0161e robotick\u00e9 seka\u010dky jsou nyn\u00ed nav\u00e1d\u011bny pomoc\u00ed GPS &#8211; RTK a dok\u00e1\u017eou sekat v p\u0159esn\u00fdch pruz\u00edch. Nov\u00e1 integrovan\u00e1 technologie GPS Vy\u017eaduje v\u00e1\u0161 pozemek velmi p\u0159esn\u00e9 se\u010den\u00ed? Pot\u0159ebujete zvl\u00e1dnout stejnou plochu [&hellip;]<\/p>\n","protected":false},"author":9,"featured_media":14398,"parent":0,"menu_order":0,"comment_status":"closed","ping_status":"closed","template":"gps-rtk.php","meta":{"_acf_changed":false,"footnotes":""},"class_list":["post-14393","page","type-page","status-publish","has-post-thumbnail","hentry"],"acf":[],"yoast_head":"<!-- This site is optimized with the Yoast SEO plugin v26.9 - https:\/\/yoast.com\/product\/yoast-seo-wordpress\/ -->\n<title>RTK: Se\u010den\u00ed s po\u017eadovan\u00fdm vzorem - Belrobotics<\/title>\n<meta name=\"robots\" content=\"index, follow, max-snippet:-1, max-image-preview:large, max-video-preview:-1\" \/>\n<link rel=\"canonical\" href=\"https:\/\/www.belrobotics.com\/cs\/gps-rtk\/\" \/>\n<meta property=\"og:locale\" content=\"cs_CZ\" \/>\n<meta property=\"og:type\" content=\"article\" \/>\n<meta property=\"og:title\" content=\"RTK: Se\u010den\u00ed s po\u017eadovan\u00fdm vzorem - Belrobotics\" \/>\n<meta property=\"og:description\" content=\"Pro n\u00e1ro\u010dn\u00e9 profesion\u00e1ly Star\u00e1te se o zelen\u00e9 plochy pro firmu nebo ve\u0159ejn\u00fd subjekt? Spravujete sportovn\u00ed are\u00e1l? Objevte novou technologii, kter\u00e1 podpo\u0159\u00ed va\u0161e c\u00edle a image. Va\u0161e robotick\u00e9 seka\u010dky jsou nyn\u00ed nav\u00e1d\u011bny pomoc\u00ed GPS &#8211; RTK a dok\u00e1\u017eou sekat v p\u0159esn\u00fdch pruz\u00edch. Nov\u00e1 integrovan\u00e1 technologie GPS Vy\u017eaduje v\u00e1\u0161 pozemek velmi p\u0159esn\u00e9 se\u010den\u00ed? Pot\u0159ebujete zvl\u00e1dnout stejnou plochu [&hellip;]\" \/>\n<meta property=\"og:url\" content=\"https:\/\/www.belrobotics.com\/cs\/gps-rtk\/\" \/>\n<meta property=\"og:site_name\" content=\"Belrobotics\" \/>\n<meta property=\"article:publisher\" content=\"https:\/\/www.facebook.com\/belrobotics\" \/>\n<meta property=\"article:modified_time\" content=\"2023-05-16T10:01:10+00:00\" \/>\n<meta property=\"og:image\" content=\"https:\/\/www.belrobotics.com\/wp-content\/uploads\/2021\/07\/gps-rtk_2.jpg\" \/>\n\t<meta property=\"og:image:width\" content=\"1291\" \/>\n\t<meta property=\"og:image:height\" content=\"794\" \/>\n\t<meta property=\"og:image:type\" content=\"image\/jpeg\" \/>\n<meta name=\"twitter:card\" content=\"summary_large_image\" \/>\n<meta name=\"twitter:label1\" content=\"Odhadovan\u00e1 doba \u010dten\u00ed\" \/>\n\t<meta name=\"twitter:data1\" content=\"1 minuta\" \/>\n<script type=\"application\/ld+json\" class=\"yoast-schema-graph\">{\"@context\":\"https:\/\/schema.org\",\"@graph\":[{\"@type\":\"WebPage\",\"@id\":\"https:\/\/www.belrobotics.com\/cs\/gps-rtk\/\",\"url\":\"https:\/\/www.belrobotics.com\/cs\/gps-rtk\/\",\"name\":\"RTK: Se\u010den\u00ed s po\u017eadovan\u00fdm vzorem - Belrobotics\",\"isPartOf\":{\"@id\":\"https:\/\/www.belrobotics.com\/cs\/#website\"},\"primaryImageOfPage\":{\"@id\":\"https:\/\/www.belrobotics.com\/cs\/gps-rtk\/#primaryimage\"},\"image\":{\"@id\":\"https:\/\/www.belrobotics.com\/cs\/gps-rtk\/#primaryimage\"},\"thumbnailUrl\":\"https:\/\/www.belrobotics.com\/wp-content\/uploads\/2021\/07\/gps-rtk_2.jpg\",\"datePublished\":\"2021-11-30T11:29:30+00:00\",\"dateModified\":\"2023-05-16T10:01:10+00:00\",\"breadcrumb\":{\"@id\":\"https:\/\/www.belrobotics.com\/cs\/gps-rtk\/#breadcrumb\"},\"inLanguage\":\"cs\",\"potentialAction\":[{\"@type\":\"ReadAction\",\"target\":[\"https:\/\/www.belrobotics.com\/cs\/gps-rtk\/\"]}]},{\"@type\":\"ImageObject\",\"inLanguage\":\"cs\",\"@id\":\"https:\/\/www.belrobotics.com\/cs\/gps-rtk\/#primaryimage\",\"url\":\"https:\/\/www.belrobotics.com\/wp-content\/uploads\/2021\/07\/gps-rtk_2.jpg\",\"contentUrl\":\"https:\/\/www.belrobotics.com\/wp-content\/uploads\/2021\/07\/gps-rtk_2.jpg\",\"width\":1291,\"height\":794},{\"@type\":\"BreadcrumbList\",\"@id\":\"https:\/\/www.belrobotics.com\/cs\/gps-rtk\/#breadcrumb\",\"itemListElement\":[{\"@type\":\"ListItem\",\"position\":1,\"name\":\"Home\",\"item\":\"https:\/\/www.belrobotics.com\/cs\/\"},{\"@type\":\"ListItem\",\"position\":2,\"name\":\"RTK: Se\u010den\u00ed s po\u017eadovan\u00fdm vzorem\"}]},{\"@type\":\"WebSite\",\"@id\":\"https:\/\/www.belrobotics.com\/cs\/#website\",\"url\":\"https:\/\/www.belrobotics.com\/cs\/\",\"name\":\"Belrobotics\",\"description\":\"The grass masters\",\"publisher\":{\"@id\":\"https:\/\/www.belrobotics.com\/cs\/#organization\"},\"potentialAction\":[{\"@type\":\"SearchAction\",\"target\":{\"@type\":\"EntryPoint\",\"urlTemplate\":\"https:\/\/www.belrobotics.com\/cs\/?s={search_term_string}\"},\"query-input\":{\"@type\":\"PropertyValueSpecification\",\"valueRequired\":true,\"valueName\":\"search_term_string\"}}],\"inLanguage\":\"cs\"},{\"@type\":\"Organization\",\"@id\":\"https:\/\/www.belrobotics.com\/cs\/#organization\",\"name\":\"Belrobotics\",\"url\":\"https:\/\/www.belrobotics.com\/cs\/\",\"logo\":{\"@type\":\"ImageObject\",\"inLanguage\":\"cs\",\"@id\":\"https:\/\/www.belrobotics.com\/cs\/#\/schema\/logo\/image\/\",\"url\":\"https:\/\/www.belrobotics.com\/wp-content\/uploads\/2019\/01\/logo-belrobotics.svg\",\"contentUrl\":\"https:\/\/www.belrobotics.com\/wp-content\/uploads\/2019\/01\/logo-belrobotics.svg\",\"width\":100,\"height\":16,\"caption\":\"Belrobotics\"},\"image\":{\"@id\":\"https:\/\/www.belrobotics.com\/cs\/#\/schema\/logo\/image\/\"},\"sameAs\":[\"https:\/\/www.facebook.com\/belrobotics\",\"https:\/\/www.youtube.com\/channel\/UCYgWBPRzEdXmUqLRL0JbUIw\",\"https:\/\/www.instagram.com\/belrobotics_europe\/\"]}]}<\/script>\n<!-- \/ Yoast SEO plugin. -->","yoast_head_json":{"title":"RTK: Se\u010den\u00ed s po\u017eadovan\u00fdm vzorem - Belrobotics","robots":{"index":"index","follow":"follow","max-snippet":"max-snippet:-1","max-image-preview":"max-image-preview:large","max-video-preview":"max-video-preview:-1"},"canonical":"https:\/\/www.belrobotics.com\/cs\/gps-rtk\/","og_locale":"cs_CZ","og_type":"article","og_title":"RTK: Se\u010den\u00ed s po\u017eadovan\u00fdm vzorem - Belrobotics","og_description":"Pro n\u00e1ro\u010dn\u00e9 profesion\u00e1ly Star\u00e1te se o zelen\u00e9 plochy pro firmu nebo ve\u0159ejn\u00fd subjekt? Spravujete sportovn\u00ed are\u00e1l? Objevte novou technologii, kter\u00e1 podpo\u0159\u00ed va\u0161e c\u00edle a image. Va\u0161e robotick\u00e9 seka\u010dky jsou nyn\u00ed nav\u00e1d\u011bny pomoc\u00ed GPS &#8211; RTK a dok\u00e1\u017eou sekat v p\u0159esn\u00fdch pruz\u00edch. Nov\u00e1 integrovan\u00e1 technologie GPS Vy\u017eaduje v\u00e1\u0161 pozemek velmi p\u0159esn\u00e9 se\u010den\u00ed? Pot\u0159ebujete zvl\u00e1dnout stejnou plochu [&hellip;]","og_url":"https:\/\/www.belrobotics.com\/cs\/gps-rtk\/","og_site_name":"Belrobotics","article_publisher":"https:\/\/www.facebook.com\/belrobotics","article_modified_time":"2023-05-16T10:01:10+00:00","og_image":[{"width":1291,"height":794,"url":"https:\/\/www.belrobotics.com\/wp-content\/uploads\/2021\/07\/gps-rtk_2.jpg","type":"image\/jpeg"}],"twitter_card":"summary_large_image","twitter_misc":{"Odhadovan\u00e1 doba \u010dten\u00ed":"1 minuta"},"schema":{"@context":"https:\/\/schema.org","@graph":[{"@type":"WebPage","@id":"https:\/\/www.belrobotics.com\/cs\/gps-rtk\/","url":"https:\/\/www.belrobotics.com\/cs\/gps-rtk\/","name":"RTK: Se\u010den\u00ed s po\u017eadovan\u00fdm vzorem - Belrobotics","isPartOf":{"@id":"https:\/\/www.belrobotics.com\/cs\/#website"},"primaryImageOfPage":{"@id":"https:\/\/www.belrobotics.com\/cs\/gps-rtk\/#primaryimage"},"image":{"@id":"https:\/\/www.belrobotics.com\/cs\/gps-rtk\/#primaryimage"},"thumbnailUrl":"https:\/\/www.belrobotics.com\/wp-content\/uploads\/2021\/07\/gps-rtk_2.jpg","datePublished":"2021-11-30T11:29:30+00:00","dateModified":"2023-05-16T10:01:10+00:00","breadcrumb":{"@id":"https:\/\/www.belrobotics.com\/cs\/gps-rtk\/#breadcrumb"},"inLanguage":"cs","potentialAction":[{"@type":"ReadAction","target":["https:\/\/www.belrobotics.com\/cs\/gps-rtk\/"]}]},{"@type":"ImageObject","inLanguage":"cs","@id":"https:\/\/www.belrobotics.com\/cs\/gps-rtk\/#primaryimage","url":"https:\/\/www.belrobotics.com\/wp-content\/uploads\/2021\/07\/gps-rtk_2.jpg","contentUrl":"https:\/\/www.belrobotics.com\/wp-content\/uploads\/2021\/07\/gps-rtk_2.jpg","width":1291,"height":794},{"@type":"BreadcrumbList","@id":"https:\/\/www.belrobotics.com\/cs\/gps-rtk\/#breadcrumb","itemListElement":[{"@type":"ListItem","position":1,"name":"Home","item":"https:\/\/www.belrobotics.com\/cs\/"},{"@type":"ListItem","position":2,"name":"RTK: Se\u010den\u00ed s po\u017eadovan\u00fdm vzorem"}]},{"@type":"WebSite","@id":"https:\/\/www.belrobotics.com\/cs\/#website","url":"https:\/\/www.belrobotics.com\/cs\/","name":"Belrobotics","description":"The grass masters","publisher":{"@id":"https:\/\/www.belrobotics.com\/cs\/#organization"},"potentialAction":[{"@type":"SearchAction","target":{"@type":"EntryPoint","urlTemplate":"https:\/\/www.belrobotics.com\/cs\/?s={search_term_string}"},"query-input":{"@type":"PropertyValueSpecification","valueRequired":true,"valueName":"search_term_string"}}],"inLanguage":"cs"},{"@type":"Organization","@id":"https:\/\/www.belrobotics.com\/cs\/#organization","name":"Belrobotics","url":"https:\/\/www.belrobotics.com\/cs\/","logo":{"@type":"ImageObject","inLanguage":"cs","@id":"https:\/\/www.belrobotics.com\/cs\/#\/schema\/logo\/image\/","url":"https:\/\/www.belrobotics.com\/wp-content\/uploads\/2019\/01\/logo-belrobotics.svg","contentUrl":"https:\/\/www.belrobotics.com\/wp-content\/uploads\/2019\/01\/logo-belrobotics.svg","width":100,"height":16,"caption":"Belrobotics"},"image":{"@id":"https:\/\/www.belrobotics.com\/cs\/#\/schema\/logo\/image\/"},"sameAs":["https:\/\/www.facebook.com\/belrobotics","https:\/\/www.youtube.com\/channel\/UCYgWBPRzEdXmUqLRL0JbUIw","https:\/\/www.instagram.com\/belrobotics_europe\/"]}]}},"_links":{"self":[{"href":"https:\/\/www.belrobotics.com\/cs\/wp-json\/wp\/v2\/pages\/14393","targetHints":{"allow":["GET"]}}],"collection":[{"href":"https:\/\/www.belrobotics.com\/cs\/wp-json\/wp\/v2\/pages"}],"about":[{"href":"https:\/\/www.belrobotics.com\/cs\/wp-json\/wp\/v2\/types\/page"}],"author":[{"embeddable":true,"href":"https:\/\/www.belrobotics.com\/cs\/wp-json\/wp\/v2\/users\/9"}],"replies":[{"embeddable":true,"href":"https:\/\/www.belrobotics.com\/cs\/wp-json\/wp\/v2\/comments?post=14393"}],"version-history":[{"count":1,"href":"https:\/\/www.belrobotics.com\/cs\/wp-json\/wp\/v2\/pages\/14393\/revisions"}],"predecessor-version":[{"id":23315,"href":"https:\/\/www.belrobotics.com\/cs\/wp-json\/wp\/v2\/pages\/14393\/revisions\/23315"}],"wp:featuredmedia":[{"embeddable":true,"href":"https:\/\/www.belrobotics.com\/cs\/wp-json\/wp\/v2\/media\/14398"}],"wp:attachment":[{"href":"https:\/\/www.belrobotics.com\/cs\/wp-json\/wp\/v2\/media?parent=14393"}],"curies":[{"name":"wp","href":"https:\/\/api.w.org\/{rel}","templated":true}]}}